{"id":3841,"date":"2025-11-28T10:01:33","date_gmt":"2025-11-28T08:01:33","guid":{"rendered":"https:\/\/catedrachip.upc.edu\/catedra-chip-upc-2\/"},"modified":"2026-04-21T11:01:46","modified_gmt":"2026-04-21T09:01:46","slug":"catedra-chip-upc-2","status":"publish","type":"page","link":"https:\/\/catedrachip.upc.edu\/es\/catedra-chip-upc-2\/","title":{"rendered":"C\u00e1tedra Chip UPC"},"content":{"rendered":"\n<div class=\"wp-block-cover is-light cover-heading\" style=\"min-height:358px;aspect-ratio:unset;\"><img loading=\"lazy\" decoding=\"async\" width=\"1440\" height=\"358\" class=\"wp-block-cover__image-background wp-image-3242 size-full\" alt=\"\" src=\"https:\/\/catedrachip.upc.edu\/wp-content\/uploads\/2026\/03\/about-who-are-we-header-bg.png\" data-object-fit=\"cover\" srcset=\"https:\/\/catedrachip.upc.edu\/wp-content\/uploads\/2026\/03\/about-who-are-we-header-bg.png 1440w, https:\/\/catedrachip.upc.edu\/wp-content\/uploads\/2026\/03\/about-who-are-we-header-bg-300x75.png 300w, https:\/\/catedrachip.upc.edu\/wp-content\/uploads\/2026\/03\/about-who-are-we-header-bg-1024x255.png 1024w, https:\/\/catedrachip.upc.edu\/wp-content\/uploads\/2026\/03\/about-who-are-we-header-bg-768x191.png 768w\" sizes=\"auto, (max-width: 1440px) 100vw, 1440px\" \/><span aria-hidden=\"true\" class=\"wp-block-cover__background has-background-dim-0 has-background-dim\"><\/span><div class=\"wp-block-cover__inner-container is-layout-constrained wp-block-cover-is-layout-constrained\">\n<div class=\"wp-block-columns no-margin no-padding is-layout-flex wp-container-core-columns-is-layout-9d6595d7 wp-block-columns-is-layout-flex\">\n<div class=\"wp-block-column is-layout-flow wp-block-column-is-layout-flow\">\n<h1 class=\"wp-block-heading text-super-display-regular about-title has-black-color has-text-color has-link-color wp-elements-77d25aeb72d1a333a567fadea33d4542\">C\u00e1tedra Chip UPC<\/h1>\n\n\n<nav class=\"has-text-color has-white-color items-justified-right cover-heading-submenu wp-block-navigation is-content-justification-right is-layout-flex wp-container-core-navigation-is-layout-765c4724 wp-block-navigation-is-layout-flex\" aria-label=\"about-submenu-cat\"><ul class=\"wp-block-navigation__container has-text-color has-white-color items-justified-right cover-heading-submenu wp-block-navigation\"><li class=\" wp-block-navigation-item wp-block-navigation-link\"><a class=\"wp-block-navigation-item__content\"  href=\"https:\/\/catedrachip.upc.edu\/es\/catedra-chip-upc-2\/\"><span class=\"wp-block-navigation-item__label\">Presentaci\u00f3n<\/span><\/a><\/li><li class=\" wp-block-navigation-item wp-block-navigation-link\"><a class=\"wp-block-navigation-item__content\"  href=\"https:\/\/catedrachip.upc.edu\/es\/partners-de-la-catedra\/\"><span class=\"wp-block-navigation-item__label\">Partners<\/span><\/a><\/li><li class=\" wp-block-navigation-item wp-block-navigation-link\"><a class=\"wp-block-navigation-item__content\"  href=\"https:\/\/catedrachip.upc.edu\/es\/equipo\/\"><span class=\"wp-block-navigation-item__label\">Equipo<\/span><\/a><\/li><\/ul><\/nav><\/div>\n<\/div>\n<\/div><\/div>\n\n<div style=\"height:100px\" aria-hidden=\"true\" class=\"wp-block-spacer hide-mobile spacer-lg\"><\/div>\n\n<div class=\"wp-block-columns same-height gap-big who-we-are-upper-cols is-layout-flex wp-container-core-columns-is-layout-9d6595d7 wp-block-columns-is-layout-flex\">\n<div class=\"wp-block-column is-layout-flow wp-block-column-is-layout-flow\">\n<p class=\"has-primary-color has-large-font-size\">Ciencia, Tecnolog\u00eda e Innovaci\u00f3n<\/p>\n\n\n\n<h2 class=\"wp-block-heading\">Impulsar la investigaci\u00f3n y formar el talento que liderar\u00e1 la innovaci\u00f3n tecnol\u00f3gica del futuro.<\/h2>\n\n\n\n<div style=\"height:34px\" aria-hidden=\"true\" class=\"wp-block-spacer is-style-default spacer-md\"><\/div>\n\n\n\n<div class=\"wp-block-buttons is-layout-flex wp-block-buttons-is-layout-flex\">\n<div class=\"wp-block-button is-style-fill text-no-wrap text-sm\"><a class=\"wp-block-button__link has-primary-background-color has-background has-medium-font-size has-custom-font-size wp-element-button\" href=\"https:\/\/catedrachip.upc.edu\/es\/formacion\/\" style=\"border-top-left-radius:5px;border-top-right-radius:5px;border-bottom-left-radius:5px;border-bottom-right-radius:5px\">Nuestra investigaci\u00f3n<\/a><\/div>\n<\/div>\n<\/div>\n\n\n\n<div class=\"wp-block-column is-layout-flow wp-block-column-is-layout-flow\">\n<p class=\"has-large-font-size\">La C\u00e1tedra de Arquitecturas Avanzadas y Sistemas Fot\u00f3nicos de la UPC act\u00faa como catalizador del conocimiento, visibilizando el sector de los semiconductores y la microelectr\u00f3nica y despertando el inter\u00e9s de estudiantes preuniversitarios y universitarios. Formamos la pr\u00f3xima generaci\u00f3n de profesionales innovadores y establecemos a los semiconductores y la microelectr\u00f3nica como un pilar clave del futuro tecnol\u00f3gico, reforzando el papel de la Universidad Polit\u00e9cnica de Catalu\u00f1a como centro de investigaci\u00f3n y transferencia hacia la industria.   <\/p>\n\n\n\n<p class=\"has-large-font-size\">La C\u00e1tedra es un proyecto financiado por el PERTE Chip, por el Ministerio para la Transformaci\u00f3n Digital y de la Funci\u00f3n P\u00fablica, por la Secretar\u00eda de Estado de Telecomunicaciones e Infraestructuras Digitales, y por la Uni\u00f3n Europea \u2013 Next Generation EU.<\/p>\n<\/div>\n<\/div>\n\n<div style=\"height:24px\" aria-hidden=\"true\" class=\"wp-block-spacer spacer-sm hide-mobile\"><\/div>\n\n<div class=\"wp-block-columns margin-bottom-medium no-margin-botttom-at-781 is-layout-flex wp-container-core-columns-is-layout-9d6595d7 wp-block-columns-is-layout-flex\">\n<div class=\"wp-block-column is-layout-flow wp-block-column-is-layout-flow\">\n<div class=\"wp-block-group img-background img-background-hover square-on-mobile about-banner\" data-group-link=\"\/chipupc\/ambit-de-formacio\"><div class=\"wp-block-group__inner-container is-layout-constrained wp-block-group-is-layout-constrained\">\n<figure class=\"wp-block-image size-full background-image\"><img decoding=\"async\" src=\"https:\/\/catedrachip.upc.edu\/wp-content\/uploads\/2026\/01\/research-wide.png\" alt=\"\" class=\"wp-image-1615\" \/><\/figure>\n\n\n\n<div style=\"height:261px\" aria-hidden=\"true\" class=\"wp-block-spacer img-cover-space-large\"><\/div>\n\n\n\n<div class=\"wp-block-columns only-bottom-content no-padding is-layout-flex wp-container-core-columns-is-layout-9d6595d7 wp-block-columns-is-layout-flex\">\n<div class=\"wp-block-column only-bottom-content-column is-layout-flow wp-block-column-is-layout-flow\">\n<p class=\"has-small-font-size\">B\u00fasqueda<\/p>\n\n\n\n<h2 class=\"wp-block-heading text-display-regular\">Descubra toda la investigaci\u00f3n en curso<\/h2>\n<\/div>\n<\/div>\n\n\n\n\n\n\n<\/div><\/div>\n<\/div>\n<\/div>\n\n<div class=\"wp-block-columns same-height margin-top-medium gap-medium is-layout-flex wp-container-core-columns-is-layout-9d6595d7 wp-block-columns-is-layout-flex\">\n<div class=\"wp-block-column is-layout-flow wp-block-column-is-layout-flow\" style=\"flex-basis:70%\">\n<div class=\"wp-block-group img-background img-background-hover square-on-mobile about-banner\" data-group-link=\"https:\/\/catedrachip.upc.edu\/talent\/\"><div class=\"wp-block-group__inner-container is-layout-constrained wp-block-group-is-layout-constrained\">\n<figure class=\"wp-block-image size-full background-image\"><img decoding=\"async\" src=\"https:\/\/catedrachip.upc.edu\/wp-content\/uploads\/2026\/01\/talent-wide.png\" alt=\"\" class=\"wp-image-1617\" style=\"aspect-ratio:1.5000423083432053;object-fit:cover\" \/><\/figure>\n\n\n\n<div style=\"height:238px\" aria-hidden=\"true\" class=\"wp-block-spacer img-cover-space-small\"><\/div>\n\n\n\n<div class=\"wp-block-columns only-bottom-content no-padding is-layout-flex wp-container-core-columns-is-layout-9d6595d7 wp-block-columns-is-layout-flex\">\n<div class=\"wp-block-column flex-basis-40-at-1200 is-layout-flow wp-block-column-is-layout-flow\">\n<p class=\"has-small-font-size\">Talento<\/p>\n\n\n\n<h2 class=\"wp-block-heading\">Descubra el talento que impulsa la microelectr\u00f3nica y la fot\u00f3nica<\/h2>\n\n\n\n<div style=\"height:10px\" aria-hidden=\"true\" class=\"wp-block-spacer hide-mobile\"><\/div>\n<\/div>\n<\/div>\n\n\n\n\n\n\n<\/div><\/div>\n<\/div>\n\n\n\n<div class=\"wp-block-column flex-basis-50-at-1200 is-layout-flow wp-block-column-is-layout-flow\" style=\"flex-basis:30%\">\n<div class=\"wp-block-group img-background no-img-background-hover same-hegiht about-banner has-vivid-cyan-blue-background-color has-background\" data-group-link=\"https:\/\/catedrachip.upc.edu\/actualitat\"><div class=\"wp-block-group__inner-container is-layout-constrained wp-block-group-is-layout-constrained\">\n<div class=\"wp-block-columns top-content no-padding is-layout-flex wp-container-core-columns-is-layout-9d6595d7 wp-block-columns-is-layout-flex\">\n<div class=\"wp-block-column is-layout-flow wp-block-column-is-layout-flow\">\n<p class=\"has-small-font-size\">Actualidad<\/p>\n\n\n\n<h2 class=\"wp-block-heading\">Lea las \u00faltimas novedades en investigaci\u00f3n y nuestras actividades<\/h2>\n<\/div>\n<\/div>\n\n\n\n\n\n\n<\/div><\/div>\n<\/div>\n<\/div>\n\n<div style=\"height:34px\" aria-hidden=\"true\" class=\"wp-block-spacer spacer-md hide-mobile\"><\/div>\n\n<h2 class=\"wp-block-heading text-xl text-300 text-balance\" id=\"text-display-regular\">Ecosistema: UPC y empresas<\/h2>\n\n<div class=\"wp-block-columns is-layout-flex wp-container-core-columns-is-layout-9d6595d7 wp-block-columns-is-layout-flex\">\n<div class=\"wp-block-column is-layout-flow wp-block-column-is-layout-flow\" style=\"flex-basis:50%\">\n<h2 class=\"wp-block-heading text-balance\">Conexiones estrat\u00e9gicas y colaboraci\u00f3n con la Universidad Polit\u00e9cnica de Catalu\u00f1a<\/h2>\n<\/div>\n\n\n\n<div class=\"wp-block-column is-layout-flow wp-block-column-is-layout-flow\" style=\"flex-basis:50%\">\n<p class=\"t has-large-font-size\">Como parte del Plan de Recuperaci\u00f3n PERTE Chip, la C\u00e1tedra CHIP UPC colabora estrechamente con la Universidad Polit\u00e9cnica de Catalu\u00f1a, 8 empresas l\u00edderes y el centro de investigaci\u00f3n ICFO, creando una red colaborativa que impulsa la investigaci\u00f3n, dise\u00f1o y producci\u00f3n de semiconductores y microelectr\u00f3nica en Espa\u00f1a y Europa.<\/p>\n\n\n\n<p class=\"text-md text-400 has-large-font-size\">Estas conexiones estrat\u00e9gicas permiten la transferencia de conocimiento entre la academia y la industria, fomentan la innovaci\u00f3n y forman la pr\u00f3xima generaci\u00f3n de profesionales en microelectr\u00f3nica y fot\u00f3nica.<\/p>\n<\/div>\n<\/div>\n\n<div style=\"height:34px\" aria-hidden=\"true\" class=\"wp-block-spacer spacer-md hide-mobile\"><\/div>\n\n<div class=\"wp-block-columns gap-big is-layout-flex wp-container-core-columns-is-layout-9d6595d7 wp-block-columns-is-layout-flex\">\n<div class=\"wp-block-column is-layout-flow wp-block-column-is-layout-flow\" style=\"flex-basis:20%\">\n<h2 class=\"wp-block-heading\">Ecosistema<\/h2>\n\n\n\n<p>Conexiones estrat\u00e9gicas y colaboraci\u00f3n en el marco del PERTE CHIP del Plan de Recuperaci\u00f3n, una iniciativa para impulsar la investigaci\u00f3n, la innovaci\u00f3n y la capacidad industrial en microchips y semiconductores.<\/p>\n<\/div>\n\n\n\n<div class=\"wp-block-column is-layout-flow wp-block-column-is-layout-flow\" style=\"flex-basis:80%\">\n<div class=\"wp-block-group logos-grid is-layout-grid wp-container-core-group-is-layout-7ff37c84 wp-block-group-is-layout-grid\">\n<div class=\"wp-block-group custom-hover-logo wp-container-content-69bc4bdf\"><div class=\"wp-block-group__inner-container is-layout-constrained wp-block-group-is-layout-constrained\">\n<figure class=\"wp-block-image size-full logo-blue\"><img loading=\"lazy\" decoding=\"async\" width=\"1024\" height=\"345\" src=\"https:\/\/catedrachip.upc.edu\/wp-content\/uploads\/2026\/03\/icfo-logo-blue.png\" alt=\"\" class=\"wp-image-3265\" srcset=\"https:\/\/catedrachip.upc.edu\/wp-content\/uploads\/2026\/03\/icfo-logo-blue.png 1024w, https:\/\/catedrachip.upc.edu\/wp-content\/uploads\/2026\/03\/icfo-logo-blue-300x101.png 300w, https:\/\/catedrachip.upc.edu\/wp-content\/uploads\/2026\/03\/icfo-logo-blue-768x259.png 768w\" sizes=\"auto, (max-width: 1024px) 100vw, 1024px\" \/><\/figure>\n\n\n\n<figure class=\"wp-block-image size-full logo-original\"><a href=\"https:\/\/www.icfo.eu\/ca\/\" target=\"_blank\" rel=\" noreferrer noopener\"><img loading=\"lazy\" decoding=\"async\" width=\"1024\" height=\"345\" src=\"https:\/\/catedrachip.upc.edu\/wp-content\/uploads\/2026\/03\/icfo-logo.png\" alt=\"\" class=\"wp-image-3263\" srcset=\"https:\/\/catedrachip.upc.edu\/wp-content\/uploads\/2026\/03\/icfo-logo.png 1024w, https:\/\/catedrachip.upc.edu\/wp-content\/uploads\/2026\/03\/icfo-logo-300x101.png 300w, https:\/\/catedrachip.upc.edu\/wp-content\/uploads\/2026\/03\/icfo-logo-768x259.png 768w\" sizes=\"auto, (max-width: 1024px) 100vw, 1024px\" \/><\/a><\/figure>\n<\/div><\/div>\n\n\n\n<div class=\"wp-block-group custom-hover-logo wp-container-content-6c9ca111\"><div class=\"wp-block-group__inner-container is-layout-constrained wp-block-group-is-layout-constrained\">\n<figure class=\"wp-block-image size-full logo-blue\"><img decoding=\"async\" src=\"https:\/\/catedrachip.upc.edu\/wp-content\/uploads\/2026\/01\/imasenic-logo-blue.png\" alt=\"\" class=\"wp-image-1555\"\/><\/figure>\n\n\n\n<figure class=\"wp-block-image size-full logo-original\"><a href=\"https:\/\/www.imasenic.com\/\" target=\"_blank\" rel=\" noreferrer noopener\"><img decoding=\"async\" src=\"https:\/\/catedrachip.upc.edu\/wp-content\/uploads\/2026\/01\/imasenic-logo.png\" alt=\"\" class=\"wp-image-1554\"\/><\/a><\/figure>\n<\/div><\/div>\n\n\n\n<div class=\"wp-block-group custom-hover-logo wp-container-content-6c9ca111\"><div class=\"wp-block-group__inner-container is-layout-constrained wp-block-group-is-layout-constrained\">\n<figure class=\"wp-block-image size-full logo-blue\"><img decoding=\"async\" src=\"https:\/\/catedrachip.upc.edu\/wp-content\/uploads\/2026\/01\/lace-logo-blue.png\" alt=\"\" class=\"wp-image-1557\"\/><\/figure>\n\n\n\n<figure class=\"wp-block-image size-full logo-original\"><a href=\"https:\/\/lacelithography.com\/\" target=\"_blank\" rel=\" noreferrer noopener\"><img decoding=\"async\" src=\"https:\/\/catedrachip.upc.edu\/wp-content\/uploads\/2026\/01\/lace-logo.png\" alt=\"\" class=\"wp-image-1556\"\/><\/a><\/figure>\n<\/div><\/div>\n\n\n\n<div class=\"wp-block-group custom-hover-logo wp-container-content-6c9ca111\"><div class=\"wp-block-group__inner-container is-layout-constrained wp-block-group-is-layout-constrained\">\n<figure class=\"wp-block-image size-full logo-blue\"><img decoding=\"async\" src=\"https:\/\/catedrachip.upc.edu\/wp-content\/uploads\/2026\/01\/lenovo-logo-blue.png\" alt=\"\" class=\"wp-image-1559\"\/><\/figure>\n\n\n\n<figure class=\"wp-block-image size-full logo-original\"><a href=\"https:\/\/www.lenovo.com\/es\/es\/?Redirect=False\" target=\"_blank\" rel=\" noreferrer noopener\"><img decoding=\"async\" src=\"https:\/\/catedrachip.upc.edu\/wp-content\/uploads\/2026\/01\/lenovo-logo.png\" alt=\"\" class=\"wp-image-1558\"\/><\/a><\/figure>\n<\/div><\/div>\n\n\n\n<div class=\"wp-block-group custom-hover-logo wp-container-content-6c9ca111\"><div class=\"wp-block-group__inner-container is-layout-constrained wp-block-group-is-layout-constrained\">\n<figure class=\"wp-block-image size-full logo-blue\"><img decoding=\"async\" src=\"https:\/\/catedrachip.upc.edu\/wp-content\/uploads\/2026\/01\/monocrom-logo-blue.png\" alt=\"\" class=\"wp-image-1561\"\/><\/figure>\n\n\n\n<figure class=\"wp-block-image size-full logo-original\"><a href=\"https:\/\/monocrom.com\/es\/\" target=\"_blank\" rel=\" noreferrer noopener\"><img decoding=\"async\" src=\"https:\/\/catedrachip.upc.edu\/wp-content\/uploads\/2026\/01\/monocrom-logo.png\" alt=\"\" class=\"wp-image-1560\"\/><\/a><\/figure>\n<\/div><\/div>\n\n\n\n<div class=\"wp-block-group custom-hover-logo wp-container-content-6c9ca111\"><div class=\"wp-block-group__inner-container is-layout-constrained wp-block-group-is-layout-constrained\">\n<figure class=\"wp-block-image size-full logo-blue\"><img decoding=\"async\" src=\"https:\/\/catedrachip.upc.edu\/wp-content\/uploads\/2026\/01\/qualcomm-logo-blue.png\" alt=\"\" class=\"wp-image-1563\"\/><\/figure>\n\n\n\n<figure class=\"wp-block-image size-full logo-original\"><a href=\"https:\/\/www.qualcomm.com\/\" target=\"_blank\" rel=\" noreferrer noopener\"><img decoding=\"async\" src=\"https:\/\/catedrachip.upc.edu\/wp-content\/uploads\/2026\/01\/qualcomm-logo.png\" alt=\"\" class=\"wp-image-1562\"\/><\/a><\/figure>\n<\/div><\/div>\n\n\n\n<div class=\"wp-block-group custom-hover-logo wp-container-content-6c9ca111\"><div class=\"wp-block-group__inner-container is-layout-constrained wp-block-group-is-layout-constrained\">\n<figure class=\"wp-block-image size-full logo-blue\"><img decoding=\"async\" src=\"https:\/\/catedrachip.upc.edu\/wp-content\/uploads\/2026\/01\/quside-logo-blue.png\" alt=\"\" class=\"wp-image-1567\"\/><\/figure>\n\n\n\n<figure class=\"wp-block-image size-full logo-original\"><a href=\"https:\/\/quside.com\/\" target=\"_blank\" rel=\" noreferrer noopener\"><img decoding=\"async\" src=\"https:\/\/catedrachip.upc.edu\/wp-content\/uploads\/2026\/01\/quside-logo.png\" alt=\"\" class=\"wp-image-1566\"\/><\/a><\/figure>\n<\/div><\/div>\n\n\n\n<div class=\"wp-block-group custom-hover-logo wp-container-content-6c9ca111\"><div class=\"wp-block-group__inner-container is-layout-constrained wp-block-group-is-layout-constrained\">\n<figure class=\"wp-block-image size-full logo-blue\"><img decoding=\"async\" src=\"https:\/\/catedrachip.upc.edu\/wp-content\/uploads\/2026\/01\/qurv-logo-blue.png\" alt=\"\" class=\"wp-image-1565\"\/><\/figure>\n\n\n\n<figure class=\"wp-block-image size-full logo-original\"><a href=\"https:\/\/www.qurv.tech\/\" target=\"_blank\" rel=\" noreferrer noopener\"><img decoding=\"async\" src=\"https:\/\/catedrachip.upc.edu\/wp-content\/uploads\/2026\/01\/qurv-logo.png\" alt=\"\" class=\"wp-image-1564\"\/><\/a><\/figure>\n<\/div><\/div>\n<\/div>\n<\/div>\n<\/div>\n\n<div style=\"height:34px\" aria-hidden=\"true\" class=\"wp-block-spacer spacer-md hide-mobile\"><\/div>\n\n<div class=\"wp-block-columns is-layout-flex wp-container-core-columns-is-layout-9d6595d7 wp-block-columns-is-layout-flex\">\n<div class=\"wp-block-column is-layout-flow wp-block-column-is-layout-flow\">\n<div class=\"wp-block-group img-background img-background-hover aspect-ratio-1-1 bottom-banners\" data-group-link=\"https:\/\/catedrachip.upc.edu\/projectes-sidecar\/\"><div class=\"wp-block-group__inner-container is-layout-constrained wp-block-group-is-layout-constrained\">\n<figure class=\"wp-block-image size-full background-image\"><img decoding=\"async\" src=\"https:\/\/catedrachip.upc.edu\/wp-content\/uploads\/2026\/01\/sidecar-project-square.png\" alt=\"\" class=\"wp-image-1608\" style=\"aspect-ratio:1;object-fit:cover\"\/><\/figure>\n\n\n\n<div style=\"height:307px\" aria-hidden=\"true\" class=\"wp-block-spacer\"><\/div>\n\n\n\n<div class=\"wp-block-columns only-bottom-content no-padding is-layout-flex wp-container-core-columns-is-layout-9d6595d7 wp-block-columns-is-layout-flex\">\n<div class=\"wp-block-column is-layout-flow wp-block-column-is-layout-flow\" style=\"flex-basis:80%\">\n<p class=\"has-small-font-size\">Sidecar Project<\/p>\n\n\n\n<h2 class=\"wp-block-heading\">Despertar vocaciones cient\u00edficas y tecnol\u00f3gicas en las escuelas e institutos<\/h2>\n<\/div>\n<\/div>\n\n\n\n<svg xmlns=\"http:\/\/www.w3.org\/2000\/svg\" width=\"12\" height=\"13\" viewbox=\"0 0 12 13\" fill=\"none\">\n<path d=\"M0.28272 10.3025C-0.0945465 10.7059 -0.0945465 11.3598 0.28272 11.7632C0.659986 12.1665 1.27165 12.1665 1.64892 11.7632L0.96582 11.0328L0.28272 10.3025ZM11.2853 1.03284C11.2853 0.462418 10.8527 1.90078e-06 10.3192 2.33609e-06L1.62476 2.46668e-06C1.09122 2.11844e-06 0.658709 0.462418 0.658709 1.03284C0.658709 1.60326 1.09122 2.06567 1.62476 2.06567L9.35316 2.06567L9.35316 10.3283C9.35316 10.8988 9.78568 11.3612 10.3192 11.3612C10.8527 11.3612 11.2853 10.8988 11.2853 10.3283L11.2853 1.03284ZM0.96582 11.0328L1.64892 11.7632L11.0023 1.76316L10.3192 1.03284L9.63611 0.302512L0.28272 10.3025L0.96582 11.0328Z\" fill=\"white\"><\/path>\n<\/svg>\n<\/div><\/div>\n<\/div>\n\n\n\n<div class=\"wp-block-column is-layout-flow wp-block-column-is-layout-flow\">\n<div class=\"wp-block-group img-background img-background-hover aspect-ratio-1-1 bottom-banners\" data-group-link=\"https:\/\/catedrachip.upc.edu\/actualitat\"><div class=\"wp-block-group__inner-container is-layout-constrained wp-block-group-is-layout-constrained\">\n<figure class=\"wp-block-image size-full background-image\"><img decoding=\"async\" src=\"https:\/\/catedrachip.upc.edu\/wp-content\/uploads\/2026\/01\/latest-news-square.png\" alt=\"\" class=\"wp-image-1609\" style=\"aspect-ratio:1;object-fit:cover\"\/><\/figure>\n\n\n\n<div style=\"height:307px\" aria-hidden=\"true\" class=\"wp-block-spacer\"><\/div>\n\n\n\n<div class=\"wp-block-columns only-bottom-content no-padding is-layout-flex wp-container-core-columns-is-layout-9d6595d7 wp-block-columns-is-layout-flex\">\n<div class=\"wp-block-column is-layout-flow wp-block-column-is-layout-flow\" style=\"flex-basis:80%\">\n<p class=\"has-small-font-size\">\u00daltimas noticias<\/p>\n\n\n\n<h2 class=\"wp-block-heading\">Lea las \u00faltimas novedades en investigaci\u00f3n y nuestras actividades<\/h2>\n<\/div>\n<\/div>\n\n\n\n<svg xmlns=\"http:\/\/www.w3.org\/2000\/svg\" width=\"12\" height=\"13\" viewbox=\"0 0 12 13\" fill=\"none\">\n<path d=\"M0.28272 10.3025C-0.0945465 10.7059 -0.0945465 11.3598 0.28272 11.7632C0.659986 12.1665 1.27165 12.1665 1.64892 11.7632L0.96582 11.0328L0.28272 10.3025ZM11.2853 1.03284C11.2853 0.462418 10.8527 1.90078e-06 10.3192 2.33609e-06L1.62476 2.46668e-06C1.09122 2.11844e-06 0.658709 0.462418 0.658709 1.03284C0.658709 1.60326 1.09122 2.06567 1.62476 2.06567L9.35316 2.06567L9.35316 10.3283C9.35316 10.8988 9.78568 11.3612 10.3192 11.3612C10.8527 11.3612 11.2853 10.8988 11.2853 10.3283L11.2853 1.03284ZM0.96582 11.0328L1.64892 11.7632L11.0023 1.76316L10.3192 1.03284L9.63611 0.302512L0.28272 10.3025L0.96582 11.0328Z\" fill=\"white\"><\/path>\n<\/svg>\n<\/div><\/div>\n<\/div>\n<\/div>\n","protected":false},"excerpt":{"rendered":"<p>Ciencia, Tecnolog\u00eda e Innovaci\u00f3n Impulsar la investigaci\u00f3n y formar el talento que liderar\u00e1 la innovaci\u00f3n tecnol\u00f3gica del futuro. La C\u00e1tedra de Arquitecturas Avanzadas y Sistemas Fot\u00f3nicos de la UPC act\u00faa [&hellip;]<\/p>\n","protected":false},"author":1,"featured_media":0,"parent":0,"menu_order":0,"comment_status":"closed","ping_status":"closed","template":"","meta":{"footnotes":""},"class_list":["post-3841","page","type-page","status-publish","hentry"],"_links":{"self":[{"href":"https:\/\/catedrachip.upc.edu\/es\/wp-json\/wp\/v2\/pages\/3841","targetHints":{"allow":["GET"]}}],"collection":[{"href":"https:\/\/catedrachip.upc.edu\/es\/wp-json\/wp\/v2\/pages"}],"about":[{"href":"https:\/\/catedrachip.upc.edu\/es\/wp-json\/wp\/v2\/types\/page"}],"author":[{"embeddable":true,"href":"https:\/\/catedrachip.upc.edu\/es\/wp-json\/wp\/v2\/users\/1"}],"replies":[{"embeddable":true,"href":"https:\/\/catedrachip.upc.edu\/es\/wp-json\/wp\/v2\/comments?post=3841"}],"version-history":[{"count":2,"href":"https:\/\/catedrachip.upc.edu\/es\/wp-json\/wp\/v2\/pages\/3841\/revisions"}],"predecessor-version":[{"id":3902,"href":"https:\/\/catedrachip.upc.edu\/es\/wp-json\/wp\/v2\/pages\/3841\/revisions\/3902"}],"wp:attachment":[{"href":"https:\/\/catedrachip.upc.edu\/es\/wp-json\/wp\/v2\/media?parent=3841"}],"curies":[{"name":"wp","href":"https:\/\/api.w.org\/{rel}","templated":true}]}}