{"id":3848,"date":"2026-01-15T16:22:20","date_gmt":"2026-01-15T14:22:20","guid":{"rendered":"https:\/\/catedrachip.upc.edu\/que-es-sidecar\/"},"modified":"2026-04-21T11:01:19","modified_gmt":"2026-04-21T09:01:19","slug":"que-es-sidecar","status":"publish","type":"page","link":"https:\/\/catedrachip.upc.edu\/es\/que-es-sidecar\/","title":{"rendered":"Qu\u00e9 es Sidecar"},"content":{"rendered":"\n<div class=\"wp-block-cover is-light cover-heading\" style=\"min-height:358px;aspect-ratio:unset;\"><img decoding=\"async\" class=\"wp-block-cover__image-background wp-image-1898 size-full\" alt=\"\" src=\"https:\/\/catedrachip.upc.edu\/wp-content\/uploads\/2026\/01\/sidecar-what-is-bg.png\" data-object-fit=\"cover\"\/><span aria-hidden=\"true\" class=\"wp-block-cover__background has-background-dim-0 has-background-dim\"><\/span><div class=\"wp-block-cover__inner-container is-layout-constrained wp-block-cover-is-layout-constrained\">\n<div class=\"wp-block-columns no-margin no-padding is-layout-flex wp-container-core-columns-is-layout-9d6595d7 wp-block-columns-is-layout-flex\">\n<div class=\"wp-block-column is-layout-flow wp-block-column-is-layout-flow\">\n<h1 class=\"wp-block-heading text-super-display-regular about-title has-black-color has-text-color has-link-color wp-elements-7317fc696b8ddd84cda4023ea3d17ce4\">Qu\u00e9 es Sidecar<\/h1>\n\n\n<nav class=\"has-text-color has-white-color items-justified-right cover-heading-submenu wp-block-navigation is-content-justification-right is-layout-flex wp-container-core-navigation-is-layout-765c4724 wp-block-navigation-is-layout-flex\" aria-label=\"sidecar-submenu-cat\"><ul class=\"wp-block-navigation__container has-text-color has-white-color items-justified-right cover-heading-submenu wp-block-navigation\"><li class=\" wp-block-navigation-item wp-block-navigation-link\"><a class=\"wp-block-navigation-item__content\"  href=\"https:\/\/catedrachip.upc.edu\/es\/que-es-sidecar\/\"><span class=\"wp-block-navigation-item__label\">Qu\u00e9 es Sidecar<\/span><\/a><\/li><li class=\" wp-block-navigation-item wp-block-navigation-link\"><a class=\"wp-block-navigation-item__content\"  href=\"https:\/\/catedrachip.upc.edu\/es\/proyectos-sidecar\/\"><span class=\"wp-block-navigation-item__label\">Proyectos<\/span><\/a><\/li><li class=\" wp-block-navigation-item wp-block-navigation-link\"><a class=\"wp-block-navigation-item__content\"  href=\"https:\/\/catedrachip.upc.edu\/es\/galeria-de-imagenes-sidecar\/\"><span class=\"wp-block-navigation-item__label\">Galer\u00eda<\/span><\/a><\/li><\/ul><\/nav><\/div>\n<\/div>\n<\/div><\/div>\n\n<div style=\"height:50px\" aria-hidden=\"true\" class=\"wp-block-spacer\"><\/div>\n\n<div class=\"wp-block-columns is-layout-flex wp-container-core-columns-is-layout-9d6595d7 wp-block-columns-is-layout-flex\">\n<div class=\"wp-block-column is-layout-flow wp-block-column-is-layout-flow\">\n<p class=\"que-es-sidecar-text has-medium-font-size\">Desde el proyecto Sidecar de la C\u00e1tedra CHIP de la UPC, trabajamos para despertar vocaciones cient\u00edficas y tecnol\u00f3gicas y atraer a talento joven hacia la electr\u00f3nica, los semiconductores y el dise\u00f1o microelectr\u00f3nico, facilitando que los estudiantes conozcan y consideren los estudios STEM de la Universidad Polit\u00e9cnica de Catalu\u00f1a.<\/p>\n\n\n\n<p class=\"que-es-sidecar-text has-medium-font-size\">A trav\u00e9s de la creaci\u00f3n de materiales educativos innovadores, situaciones de aprendizaje, talleres, pr\u00e1cticas y actividades formativas dirigidas a estudiantes de secundaria, bachillerato, formaci\u00f3n profesional y al profesorado, el proyecto construye una red educativa para afrontar la carencia de educadores tecnol\u00f3gicos.<\/p>\n\n\n\n<p class=\"que-es-sidecar-text has-medium-font-size\">Sidecar pone especial \u00e9nfasis en la participaci\u00f3n de las chicas y en el aprendizaje pr\u00e1ctico, con el objetivo de acercar una tecnolog\u00eda clave para el futuro a los j\u00f3venes de una manera accesible, motivadora y conectada con el impacto social.<\/p>\n<\/div>\n<\/div>\n","protected":false},"excerpt":{"rendered":"<p>Desde el proyecto Sidecar de la C\u00e1tedra CHIP de la UPC, trabajamos para despertar vocaciones cient\u00edficas y tecnol\u00f3gicas y atraer a talento joven hacia la electr\u00f3nica, los semiconductores y el [&hellip;]<\/p>\n","protected":false},"author":2,"featured_media":0,"parent":0,"menu_order":0,"comment_status":"closed","ping_status":"closed","template":"","meta":{"footnotes":""},"class_list":["post-3848","page","type-page","status-publish","hentry"],"_links":{"self":[{"href":"https:\/\/catedrachip.upc.edu\/es\/wp-json\/wp\/v2\/pages\/3848","targetHints":{"allow":["GET"]}}],"collection":[{"href":"https:\/\/catedrachip.upc.edu\/es\/wp-json\/wp\/v2\/pages"}],"about":[{"href":"https:\/\/catedrachip.upc.edu\/es\/wp-json\/wp\/v2\/types\/page"}],"author":[{"embeddable":true,"href":"https:\/\/catedrachip.upc.edu\/es\/wp-json\/wp\/v2\/users\/2"}],"replies":[{"embeddable":true,"href":"https:\/\/catedrachip.upc.edu\/es\/wp-json\/wp\/v2\/comments?post=3848"}],"version-history":[{"count":1,"href":"https:\/\/catedrachip.upc.edu\/es\/wp-json\/wp\/v2\/pages\/3848\/revisions"}],"predecessor-version":[{"id":3849,"href":"https:\/\/catedrachip.upc.edu\/es\/wp-json\/wp\/v2\/pages\/3848\/revisions\/3849"}],"wp:attachment":[{"href":"https:\/\/catedrachip.upc.edu\/es\/wp-json\/wp\/v2\/media?parent=3848"}],"curies":[{"name":"wp","href":"https:\/\/api.w.org\/{rel}","templated":true}]}}