{"id":3868,"date":"2026-03-05T11:03:30","date_gmt":"2026-03-05T09:03:30","guid":{"rendered":"https:\/\/catedrachip.upc.edu\/tfm\/"},"modified":"2026-04-21T11:02:00","modified_gmt":"2026-04-21T09:02:00","slug":"tfm","status":"publish","type":"page","link":"https:\/\/catedrachip.upc.edu\/es\/tfm\/","title":{"rendered":"TFM"},"content":{"rendered":"\n<div class=\"wp-block-cover is-light cover-heading\" style=\"min-height:358px;aspect-ratio:unset;\"><img decoding=\"async\" class=\"wp-block-cover__image-background wp-image-1594 size-full\" alt=\"\" src=\"https:\/\/develop.genium.click\/chipupc\/wp-content\/uploads\/2026\/01\/about-who-are-we-header-bg.png\" data-object-fit=\"cover\" \/><span aria-hidden=\"true\" class=\"wp-block-cover__background has-background-dim-0 has-background-dim\"><\/span><div class=\"wp-block-cover__inner-container is-layout-constrained wp-block-cover-is-layout-constrained\">\n<div class=\"wp-block-columns no-margin no-padding is-layout-flex wp-container-core-columns-is-layout-9d6595d7 wp-block-columns-is-layout-flex\">\n<div class=\"wp-block-column is-layout-flow wp-block-column-is-layout-flow\">\n<h1 class=\"wp-block-heading text-super-display-regular about-title has-black-color has-text-color has-link-color wp-elements-a1d96860600ea83c2c364f654388452d\">TFM<\/h1>\n\n\n<nav class=\"has-text-color has-white-color items-justified-right cover-heading-submenu wp-block-navigation is-content-justification-right is-layout-flex wp-container-core-navigation-is-layout-765c4724 wp-block-navigation-is-layout-flex\" aria-label=\"Activitat de recerca\"><ul class=\"wp-block-navigation__container has-text-color has-white-color items-justified-right cover-heading-submenu wp-block-navigation\"><li class=\" wp-block-navigation-item wp-block-navigation-link\"><a class=\"wp-block-navigation-item__content\"  href=\"https:\/\/catedrachip.upc.edu\/es\/imagenes-de-congresos\/\"><span class=\"wp-block-navigation-item__label\">Imatges<\/span><\/a><\/li><li class=\" wp-block-navigation-item wp-block-navigation-link\"><a class=\"wp-block-navigation-item__content\"  href=\"https:\/\/catedrachip.upc.edu\/es\/tfm\/\"><span class=\"wp-block-navigation-item__label\">TFM<\/span><\/a><\/li><li class=\" wp-block-navigation-item wp-block-navigation-link\"><a class=\"wp-block-navigation-item__content\"  href=\"https:\/\/catedrachip.upc.edu\/es\/articulos\/\"><span class=\"wp-block-navigation-item__label\">Articles<\/span><\/a><\/li><\/ul><\/nav><\/div>\n<\/div>\n<\/div><\/div>\n\n<div class=\"wp-block-columns cursos-page-wrapper is-layout-flex wp-container-core-columns-is-layout-9d6595d7 wp-block-columns-is-layout-flex\">\n<div class=\"wp-block-column is-layout-flow wp-block-column-is-layout-flow\" style=\"flex-basis:65%\">\n<p class=\"cursos-page-title has-large-font-size\">La C\u00e1tedra Chip UPC apuesta por la formaci\u00f3n como elemento clave para impulsar el talento especializado en semiconductores y arquitecturas avanzadas y reforzar el ecosistema de la microelectr\u00f3nica.<\/p>\n\n\n\n<p class=\"cursos-page-subtitle\">Gracias al apoyo del PERTE Chip y de la Uni\u00f3n Europea, las actividades formativas se ofrecen sin coste de matr\u00edcula para las personas participantes seleccionadas.<\/p>\n\n\n\n<h2 class=\"wp-block-heading cursos-page-iniciatives-title\">Iniciativas formativas<\/h2>\n\n\n\n<div class=\"wp-block-columns cursos-page-iniciatives-container is-layout-flex wp-container-core-columns-is-layout-9d6595d7 wp-block-columns-is-layout-flex\">\n<div class=\"wp-block-column cursos-page-iniciatives-column has-white-background-color has-background is-layout-flow wp-block-column-is-layout-flow\">\n<div class=\"wp-block-columns is-layout-flex wp-container-core-columns-is-layout-9d6595d7 wp-block-columns-is-layout-flex\">\n<div class=\"wp-block-column is-layout-flow wp-block-column-is-layout-flow\">\n<h4 class=\"wp-block-heading\">Microcredenciales universitarias<\/h4>\n<\/div>\n<\/div>\n\n\n\n<div class=\"wp-block-buttons is-layout-flex wp-block-buttons-is-layout-flex\">\n<div class=\"wp-block-button\"><a class=\"wp-block-button__link wp-element-button\" href=\"https:\/\/catedrachip.upc.edu\/category\/cursos\/microcredencials-universitaries\/\">Ver m\u00e1s<\/a><\/div>\n<\/div>\n<\/div>\n\n\n\n<div class=\"wp-block-column cursos-page-iniciatives-column is-layout-flow wp-block-column-is-layout-flow\">\n<div class=\"wp-block-columns is-layout-flex wp-container-core-columns-is-layout-9d6595d7 wp-block-columns-is-layout-flex\">\n<div class=\"wp-block-column is-layout-flow wp-block-column-is-layout-flow\">\n<h4 class=\"wp-block-heading\">Workshops y Seminarios<\/h4>\n<\/div>\n<\/div>\n\n\n\n<div class=\"wp-block-buttons is-layout-flex wp-block-buttons-is-layout-flex\">\n<div class=\"wp-block-button\"><a class=\"wp-block-button__link wp-element-button\" href=\"https:\/\/catedrachip.upc.edu\/es\/category\/cursos\/workshops-y-seminarios\/\">Ver m\u00e1s<\/a><\/div>\n<\/div>\n<\/div>\n\n\n\n<div class=\"wp-block-column cursos-page-iniciatives-column is-layout-flow wp-block-column-is-layout-flow\">\n<div class=\"wp-block-columns is-layout-flex wp-container-core-columns-is-layout-9d6595d7 wp-block-columns-is-layout-flex\">\n<div class=\"wp-block-column is-layout-flow wp-block-column-is-layout-flow\">\n<h4 class=\"wp-block-heading\">Formaci\u00f3n profesorado<\/h4>\n<\/div>\n<\/div>\n\n\n\n<div class=\"wp-block-buttons is-layout-flex wp-block-buttons-is-layout-flex\">\n<div class=\"wp-block-button\"><a class=\"wp-block-button__link wp-element-button\" href=\"https:\/\/catedrachip.upc.edu\/category\/cursos\/formacio-professorat\/\">Ver m\u00e1s<\/a><\/div>\n<\/div>\n<\/div>\n<\/div>\n\n\n\n<p>Descubre las actividades formativas impulsadas por la C\u00e1tedra y su impacto en la formaci\u00f3n de profesionales en chips y sistemas fot\u00f3nicos.<\/p>\n<\/div>\n\n\n\n<div class=\"wp-block-column cursos-page-sidebar-container is-layout-flow wp-block-column-is-layout-flow\" style=\"flex-basis:35%\">    <aside class=\"difusio-sidebar\">\n        <h3 class=\"difusio-sidebar__title\">\u00daltims cursos<\/h3>\n\n        <div class=\"difusio-sidebar__posts\">\n            <a href=\"https:\/\/catedrachip.upc.edu\/es\/microcredencial-en-sistemas-de-procesamiento-digital-de-la-senal-a-medida\/\" class=\"post-wrapper post-sidebar\">\n    <div class=\"wp-block-image\">\n        <img loading=\"lazy\" decoding=\"async\" width=\"2560\" height=\"1707\" src=\"https:\/\/catedrachip.upc.edu\/wp-content\/uploads\/2026\/03\/pexels-joshsorenson-1714208-scaled.jpg\" class=\"attachment-post-thumbnail size-post-thumbnail wp-post-image\" alt=\"\" srcset=\"https:\/\/catedrachip.upc.edu\/wp-content\/uploads\/2026\/03\/pexels-joshsorenson-1714208-scaled.jpg 2560w, https:\/\/catedrachip.upc.edu\/wp-content\/uploads\/2026\/03\/pexels-joshsorenson-1714208-300x200.jpg 300w, https:\/\/catedrachip.upc.edu\/wp-content\/uploads\/2026\/03\/pexels-joshsorenson-1714208-1024x683.jpg 1024w, https:\/\/catedrachip.upc.edu\/wp-content\/uploads\/2026\/03\/pexels-joshsorenson-1714208-768x512.jpg 768w, https:\/\/catedrachip.upc.edu\/wp-content\/uploads\/2026\/03\/pexels-joshsorenson-1714208-1536x1024.jpg 1536w, https:\/\/catedrachip.upc.edu\/wp-content\/uploads\/2026\/03\/pexels-joshsorenson-1714208-2048x1365.jpg 2048w\" sizes=\"auto, (max-width: 2560px) 100vw, 2560px\" \/>    <\/div>\n    <div class=\"block-text\">\n        <h4>\n            Microcredencial en Sistemas de Procesamiento Digital de la Se\u00f1al a Medida        <\/h4>\n    <\/div>\n<\/a><a href=\"https:\/\/catedrachip.upc.edu\/es\/microcredencial-en-diseno-de-sistemas-integrados\/\" class=\"post-wrapper post-sidebar\">\n    <div class=\"wp-block-image\">\n        <img loading=\"lazy\" decoding=\"async\" width=\"500\" height=\"200\" src=\"https:\/\/catedrachip.upc.edu\/wp-content\/uploads\/2026\/03\/729200_3.jpg\" class=\"attachment-post-thumbnail size-post-thumbnail wp-post-image\" alt=\"\" srcset=\"https:\/\/catedrachip.upc.edu\/wp-content\/uploads\/2026\/03\/729200_3.jpg 500w, https:\/\/catedrachip.upc.edu\/wp-content\/uploads\/2026\/03\/729200_3-300x120.jpg 300w\" sizes=\"auto, (max-width: 500px) 100vw, 500px\" \/>    <\/div>\n    <div class=\"block-text\">\n        <h4>\n            Microcredencial en Dise\u00f1o de Sistemas Integrados        <\/h4>\n    <\/div>\n<\/a><a href=\"https:\/\/catedrachip.upc.edu\/es\/microcredencial-en-risc-v-de-la-teoria-a-la-industria\/\" class=\"post-wrapper post-sidebar\">\n    <div class=\"wp-block-image\">\n        <img loading=\"lazy\" decoding=\"async\" width=\"626\" height=\"417\" src=\"https:\/\/catedrachip.upc.edu\/wp-content\/uploads\/2026\/03\/montaje-piezas-computadora-mesa-blanca_274679-55777.avif\" class=\"attachment-post-thumbnail size-post-thumbnail wp-post-image\" alt=\"\" srcset=\"https:\/\/catedrachip.upc.edu\/wp-content\/uploads\/2026\/03\/montaje-piezas-computadora-mesa-blanca_274679-55777.avif 626w, https:\/\/catedrachip.upc.edu\/wp-content\/uploads\/2026\/03\/montaje-piezas-computadora-mesa-blanca_274679-55777-300x200.jpg 300w\" sizes=\"auto, (max-width: 626px) 100vw, 626px\" \/>    <\/div>\n    <div class=\"block-text\">\n        <h4>\n            Microcredencial en RISC-V: de la Teor\u00eda a la Industria        <\/h4>\n    <\/div>\n<\/a><a href=\"https:\/\/catedrachip.upc.edu\/es\/microcredencial-en-diseno-y-verificacion-funcional-basada-en-el-lenguaje-systemverilog\/\" class=\"post-wrapper post-sidebar\">\n    <div class=\"wp-block-image\">\n        <img loading=\"lazy\" decoding=\"async\" width=\"626\" height=\"250\" src=\"https:\/\/catedrachip.upc.edu\/wp-content\/uploads\/2026\/03\/verilog.avif\" class=\"attachment-post-thumbnail size-post-thumbnail wp-post-image\" alt=\"\" srcset=\"https:\/\/catedrachip.upc.edu\/wp-content\/uploads\/2026\/03\/verilog.avif 626w, https:\/\/catedrachip.upc.edu\/wp-content\/uploads\/2026\/03\/verilog-300x120.jpg 300w\" sizes=\"auto, (max-width: 626px) 100vw, 626px\" \/>    <\/div>\n    <div class=\"block-text\">\n        <h4>\n            Microcredencial en Dise\u00f1o y Verificaci\u00f3n Funcional Basada en el Lenguaje SystemVerilog        <\/h4>\n    <\/div>\n<\/a><a href=\"https:\/\/catedrachip.upc.edu\/es\/la-catedra-chip-upc-explora-el-futuro-de-la-computacion-neuromorfica-y-los-nuevos-materiales\/\" class=\"post-wrapper post-sidebar\">\n    <div class=\"wp-block-image\">\n        <img loading=\"lazy\" decoding=\"async\" width=\"466\" height=\"296\" src=\"https:\/\/catedrachip.upc.edu\/wp-content\/uploads\/2026\/03\/Rectangle-97.jpg\" class=\"attachment-post-thumbnail size-post-thumbnail wp-post-image\" alt=\"\" srcset=\"https:\/\/catedrachip.upc.edu\/wp-content\/uploads\/2026\/03\/Rectangle-97.jpg 466w, https:\/\/catedrachip.upc.edu\/wp-content\/uploads\/2026\/03\/Rectangle-97-300x191.jpg 300w\" sizes=\"auto, (max-width: 466px) 100vw, 466px\" \/>    <\/div>\n    <div class=\"block-text\">\n        <h4>\n            La C\u00e1tedra Chip UPC explora el futuro de la computaci\u00f3n neurom\u00f3rfica y los nuevos materiales        <\/h4>\n    <\/div>\n<\/a>        <\/div>\n\n        <div class=\"difusio-sidebar__footer\">\n            <a href=\"\/cursos\" class=\"difusio-sidebar__more-btn\">\n                Veure m\u00e9s\n            <\/a>\n        <\/div>\n    <\/aside>\n    \n<\/div>\n<\/div>\n","protected":false},"excerpt":{"rendered":"<p>La C\u00e1tedra Chip UPC apuesta por la formaci\u00f3n como elemento clave para impulsar el talento especializado en semiconductores y arquitecturas avanzadas y reforzar el ecosistema de la microelectr\u00f3nica. Gracias al [&hellip;]<\/p>\n","protected":false},"author":1,"featured_media":0,"parent":0,"menu_order":0,"comment_status":"closed","ping_status":"closed","template":"","meta":{"footnotes":""},"class_list":["post-3868","page","type-page","status-publish","hentry"],"_links":{"self":[{"href":"https:\/\/catedrachip.upc.edu\/es\/wp-json\/wp\/v2\/pages\/3868","targetHints":{"allow":["GET"]}}],"collection":[{"href":"https:\/\/catedrachip.upc.edu\/es\/wp-json\/wp\/v2\/pages"}],"about":[{"href":"https:\/\/catedrachip.upc.edu\/es\/wp-json\/wp\/v2\/types\/page"}],"author":[{"embeddable":true,"href":"https:\/\/catedrachip.upc.edu\/es\/wp-json\/wp\/v2\/users\/1"}],"replies":[{"embeddable":true,"href":"https:\/\/catedrachip.upc.edu\/es\/wp-json\/wp\/v2\/comments?post=3868"}],"version-history":[{"count":3,"href":"https:\/\/catedrachip.upc.edu\/es\/wp-json\/wp\/v2\/pages\/3868\/revisions"}],"predecessor-version":[{"id":3939,"href":"https:\/\/catedrachip.upc.edu\/es\/wp-json\/wp\/v2\/pages\/3868\/revisions\/3939"}],"wp:attachment":[{"href":"https:\/\/catedrachip.upc.edu\/es\/wp-json\/wp\/v2\/media?parent=3868"}],"curies":[{"name":"wp","href":"https:\/\/api.w.org\/{rel}","templated":true}]}}