{"id":3874,"date":"2026-03-05T11:06:53","date_gmt":"2026-03-05T09:06:53","guid":{"rendered":"https:\/\/catedrachip.upc.edu\/articulos\/"},"modified":"2026-04-21T11:02:01","modified_gmt":"2026-04-21T09:02:01","slug":"articulos","status":"publish","type":"page","link":"https:\/\/catedrachip.upc.edu\/es\/articulos\/","title":{"rendered":"Art\u00edculos"},"content":{"rendered":"\n<div class=\"wp-block-cover is-light cover-heading\" style=\"min-height:358px;aspect-ratio:unset;\"><img decoding=\"async\" class=\"wp-block-cover__image-background wp-image-1594 size-full\" alt=\"\" src=\"https:\/\/develop.genium.click\/chipupc\/wp-content\/uploads\/2026\/01\/about-who-are-we-header-bg.png\" data-object-fit=\"cover\" \/><span aria-hidden=\"true\" class=\"wp-block-cover__background has-background-dim-0 has-background-dim\"><\/span><div class=\"wp-block-cover__inner-container is-layout-constrained wp-block-cover-is-layout-constrained\">\n<div class=\"wp-block-columns no-margin no-padding is-layout-flex wp-container-core-columns-is-layout-9d6595d7 wp-block-columns-is-layout-flex\">\n<div class=\"wp-block-column is-layout-flow wp-block-column-is-layout-flow\">\n<h1 class=\"wp-block-heading text-super-display-regular about-title has-black-color has-text-color has-link-color wp-elements-542b8eca7efb40d92b7acdd14d5128a7\">Art\u00edculos<\/h1>\n\n\n<nav class=\"has-text-color has-white-color items-justified-right cover-heading-submenu wp-block-navigation is-content-justification-right is-layout-flex wp-container-core-navigation-is-layout-765c4724 wp-block-navigation-is-layout-flex\" aria-label=\"Activitat de recerca\"><ul class=\"wp-block-navigation__container has-text-color has-white-color items-justified-right cover-heading-submenu wp-block-navigation\"><li class=\" wp-block-navigation-item wp-block-navigation-link\"><a class=\"wp-block-navigation-item__content\"  href=\"https:\/\/catedrachip.upc.edu\/es\/imagenes-de-congresos\/\"><span class=\"wp-block-navigation-item__label\">Imatges<\/span><\/a><\/li><li class=\" wp-block-navigation-item wp-block-navigation-link\"><a class=\"wp-block-navigation-item__content\"  href=\"https:\/\/catedrachip.upc.edu\/es\/tfm\/\"><span class=\"wp-block-navigation-item__label\">TFM<\/span><\/a><\/li><li class=\" wp-block-navigation-item wp-block-navigation-link\"><a class=\"wp-block-navigation-item__content\"  href=\"https:\/\/catedrachip.upc.edu\/es\/articulos\/\"><span class=\"wp-block-navigation-item__label\">Articles<\/span><\/a><\/li><\/ul><\/nav><\/div>\n<\/div>\n<\/div><\/div>\n\n<div class=\"wp-block-columns cursos-page-wrapper is-layout-flex wp-container-core-columns-is-layout-9d6595d7 wp-block-columns-is-layout-flex\">\n<div class=\"wp-block-column cursos-page-sidebar-container is-layout-flow wp-block-column-is-layout-flow\" style=\"flex-basis:35%\">\n<h2 class=\"wp-block-heading\">Lenovo<\/h2>\n\n\n\n<h2 class=\"wp-block-heading\">Ideaded<\/h2>\n\n\n\n<h2 class=\"wp-block-heading\">UPC<\/h2>\n\n\n\n<h2 class=\"wp-block-heading\">ICFO &#8211; QURV<\/h2>\n\n\n\n<h2 class=\"wp-block-heading\">ICFO \u2013 QUSIDE<\/h2>\n\n\n\n<h2 class=\"wp-block-heading\">MONOCROM<\/h2>\n\n\n\n<h2 class=\"wp-block-heading\">CUALCOMM<\/h2>\n\n\n\n<h2 class=\"wp-block-heading\">IMASENIC<\/h2>\n<\/div>\n\n\n\n<div class=\"wp-block-column is-layout-flow wp-block-column-is-layout-flow\" style=\"flex-basis:65%\">\n<p class=\"cursos-page-title has-large-font-size\">La C\u00e1tedra Chip UPC apuesta por la formaci\u00f3n como elemento clave para impulsar el talento especializado en semiconductores y arquitecturas avanzadas y reforzar el ecosistema de la microelectr\u00f3nica.<\/p>\n\n\n\n<p class=\"cursos-page-subtitle\">Gracias al apoyo del PERTE Chip y de la Uni\u00f3n Europea, las actividades formativas se ofrecen sin coste de matr\u00edcula para las personas participantes seleccionadas.<\/p>\n\n\n\n<h2 class=\"wp-block-heading cursos-page-iniciatives-title\">Iniciativas formativas<\/h2>\n\n\n\n<div class=\"wp-block-columns cursos-page-iniciatives-container is-layout-flex wp-container-core-columns-is-layout-9d6595d7 wp-block-columns-is-layout-flex\">\n<div class=\"wp-block-column cursos-page-iniciatives-column has-white-background-color has-background is-layout-flow wp-block-column-is-layout-flow\">\n<div class=\"wp-block-columns is-layout-flex wp-container-core-columns-is-layout-9d6595d7 wp-block-columns-is-layout-flex\">\n<div class=\"wp-block-column is-layout-flow wp-block-column-is-layout-flow\">\n<h4 class=\"wp-block-heading\">Microcredenciales universitarias<\/h4>\n<\/div>\n<\/div>\n\n\n\n<div class=\"wp-block-buttons is-layout-flex wp-block-buttons-is-layout-flex\">\n<div class=\"wp-block-button\"><a class=\"wp-block-button__link wp-element-button\" href=\"https:\/\/catedrachip.upc.edu\/category\/cursos\/microcredencials-universitaries\/\">Ver m\u00e1s<\/a><\/div>\n<\/div>\n<\/div>\n\n\n\n<div class=\"wp-block-column cursos-page-iniciatives-column is-layout-flow wp-block-column-is-layout-flow\">\n<div class=\"wp-block-columns is-layout-flex wp-container-core-columns-is-layout-9d6595d7 wp-block-columns-is-layout-flex\">\n<div class=\"wp-block-column is-layout-flow wp-block-column-is-layout-flow\">\n<h4 class=\"wp-block-heading\">Workshops y Seminarios<\/h4>\n<\/div>\n<\/div>\n\n\n\n<div class=\"wp-block-buttons is-layout-flex wp-block-buttons-is-layout-flex\">\n<div class=\"wp-block-button\"><a class=\"wp-block-button__link wp-element-button\" href=\"https:\/\/catedrachip.upc.edu\/es\/category\/cursos\/workshops-y-seminarios\/\">Ver m\u00e1s<\/a><\/div>\n<\/div>\n<\/div>\n\n\n\n<div class=\"wp-block-column cursos-page-iniciatives-column is-layout-flow wp-block-column-is-layout-flow\">\n<div class=\"wp-block-columns is-layout-flex wp-container-core-columns-is-layout-9d6595d7 wp-block-columns-is-layout-flex\">\n<div class=\"wp-block-column is-layout-flow wp-block-column-is-layout-flow\">\n<h4 class=\"wp-block-heading\">Formaci\u00f3n profesorado<\/h4>\n<\/div>\n<\/div>\n\n\n\n<div class=\"wp-block-buttons is-layout-flex wp-block-buttons-is-layout-flex\">\n<div class=\"wp-block-button\"><a class=\"wp-block-button__link wp-element-button\" href=\"https:\/\/catedrachip.upc.edu\/category\/cursos\/formacio-professorat\/\">Ver m\u00e1s<\/a><\/div>\n<\/div>\n<\/div>\n<\/div>\n\n\n\n<p>Descubre las actividades formativas impulsadas por la C\u00e1tedra y su impacto en la formaci\u00f3n de profesionales en chips y sistemas fot\u00f3nicos.<\/p>\n<\/div>\n<\/div>\n","protected":false},"excerpt":{"rendered":"<p>Lenovo Ideaded UPC ICFO &#8211; QURV ICFO \u2013 QUSIDE MONOCROM CUALCOMM IMASENIC La C\u00e1tedra Chip UPC apuesta por la formaci\u00f3n como elemento clave para impulsar el talento especializado en semiconductores [&hellip;]<\/p>\n","protected":false},"author":1,"featured_media":0,"parent":0,"menu_order":0,"comment_status":"closed","ping_status":"closed","template":"","meta":{"footnotes":""},"class_list":["post-3874","page","type-page","status-publish","hentry"],"_links":{"self":[{"href":"https:\/\/catedrachip.upc.edu\/es\/wp-json\/wp\/v2\/pages\/3874","targetHints":{"allow":["GET"]}}],"collection":[{"href":"https:\/\/catedrachip.upc.edu\/es\/wp-json\/wp\/v2\/pages"}],"about":[{"href":"https:\/\/catedrachip.upc.edu\/es\/wp-json\/wp\/v2\/types\/page"}],"author":[{"embeddable":true,"href":"https:\/\/catedrachip.upc.edu\/es\/wp-json\/wp\/v2\/users\/1"}],"replies":[{"embeddable":true,"href":"https:\/\/catedrachip.upc.edu\/es\/wp-json\/wp\/v2\/comments?post=3874"}],"version-history":[{"count":3,"href":"https:\/\/catedrachip.upc.edu\/es\/wp-json\/wp\/v2\/pages\/3874\/revisions"}],"predecessor-version":[{"id":3941,"href":"https:\/\/catedrachip.upc.edu\/es\/wp-json\/wp\/v2\/pages\/3874\/revisions\/3941"}],"wp:attachment":[{"href":"https:\/\/catedrachip.upc.edu\/es\/wp-json\/wp\/v2\/media?parent=3874"}],"curies":[{"name":"wp","href":"https:\/\/api.w.org\/{rel}","templated":true}]}}