{"id":3894,"date":"2025-11-28T10:02:25","date_gmt":"2025-11-28T08:02:25","guid":{"rendered":"https:\/\/catedrachip.upc.edu\/actualidad\/"},"modified":"2026-04-21T16:28:49","modified_gmt":"2026-04-21T14:28:49","slug":"actualidad","status":"publish","type":"page","link":"https:\/\/catedrachip.upc.edu\/es\/actualidad\/","title":{"rendered":"Actualidad"},"content":{"rendered":"\n<div class=\"wp-block-cover is-light cover-heading\" style=\"min-height:358px;aspect-ratio:unset;\"><img decoding=\"async\" class=\"wp-block-cover__image-background wp-image-1594 size-full\" alt=\"\" src=\"https:\/\/develop.genium.click\/chipupc\/wp-content\/uploads\/2026\/01\/about-who-are-we-header-bg.png\" data-object-fit=\"cover\"\/><span aria-hidden=\"true\" class=\"wp-block-cover__background has-background-dim-0 has-background-dim\"><\/span><div class=\"wp-block-cover__inner-container is-layout-constrained wp-block-cover-is-layout-constrained\">\n<div class=\"wp-block-columns no-margin no-padding is-layout-flex wp-container-core-columns-is-layout-9d6595d7 wp-block-columns-is-layout-flex\">\n<div class=\"wp-block-column is-layout-flow wp-block-column-is-layout-flow\">\n<h1 class=\"wp-block-heading text-super-display-regular about-title has-black-color has-text-color has-link-color wp-elements-56996cc8506ad712aa09d0f45facfc46\">Actualidad<\/h1>\n\n\n<nav class=\"has-text-color has-white-color items-justified-right cover-heading-submenu wp-block-navigation is-content-justification-right is-layout-flex wp-container-core-navigation-is-layout-765c4724 wp-block-navigation-is-layout-flex\" aria-label=\"Difusi\u00f3n\"><ul class=\"wp-block-navigation__container has-text-color has-white-color items-justified-right cover-heading-submenu wp-block-navigation\"><li class=\" wp-block-navigation-item wp-block-navigation-link\"><a class=\"wp-block-navigation-item__content\"  href=\"https:\/\/catedrachip.upc.edu\/es\/actualidad\/\"><span class=\"wp-block-navigation-item__label\">Actualidad<\/span><\/a><\/li><li class=\" wp-block-navigation-item wp-block-navigation-link\"><a class=\"wp-block-navigation-item__content\"  href=\"https:\/\/catedrachip.upc.edu\/es\/cursos\/\"><span class=\"wp-block-navigation-item__label\">Cursos<\/span><\/a><\/li><li class=\" wp-block-navigation-item wp-block-navigation-link\"><a class=\"wp-block-navigation-item__content\"  href=\"https:\/\/catedrachip.upc.edu\/es\/divulgacion-cientifica\/\"><span class=\"wp-block-navigation-item__label\">Divulgaci\u00f3n cient\u00edfica<\/span><\/a><\/li><\/ul><\/nav><\/div>\n<\/div>\n<\/div><\/div>\n\n\n<div class=\"wp-block-columns posts-wrapper\"><div class=\"wp-block-column\"><div class=\"post-wrapper\">\n            <!-- <div class=\"post-cat\">\n             <a href=\"https:\/\/catedrachip.upc.edu\/es\/category\/actualidad\/\">\n            <p class=\"has-small-font-size no-margin-top\">Actualidad<\/p>\n        <\/div> -->\n        <a href=\"https:\/\/catedrachip.upc.edu\/es\/la-upc-recibira-37-millones-de-euros-del-ministerio-para-crear-una-catedra-en-microelectronica\/\" class=\"wp-block-image\">\n        <img loading=\"lazy\" decoding=\"async\" width=\"638\" height=\"339\" src=\"https:\/\/catedrachip.upc.edu\/wp-content\/uploads\/2026\/03\/fondo-post-1.webp\" class=\"attachment-post-thumbnail size-post-thumbnail wp-post-image\" alt=\"\" srcset=\"https:\/\/catedrachip.upc.edu\/wp-content\/uploads\/2026\/03\/fondo-post-1.webp 638w, https:\/\/catedrachip.upc.edu\/wp-content\/uploads\/2026\/03\/fondo-post-1-300x159.webp 300w\" sizes=\"auto, (max-width: 638px) 100vw, 638px\" \/>    <\/a>\n\n    <div class=\"post-wrapper-bottom\">\n      <div class=\"block-text\">\n          <h4>\n              La UPC recibir\u00e1 3,7 millones de euros del Ministerio para crear una C\u00e1tedra en microelectr\u00f3nica          <\/h4>\n          <p class=\"excerpt has-small-font-size\">\n              La UPC recibir\u00e1 una subvenci\u00f3n de 3,7 millones de euros del Gobierno para crear una c\u00e1tedra universitaria en Chips para Arquitecturas Avanzadas y Sistemas Fot\u00f3nicos, y formar a profesionales en [&hellip;]          <\/p>\n      <\/div>\n\n      <div class=\"wp-block-buttons is-layout-flex wp-block-buttons-is-layout-flex\">\n              <div class=\"wp-block-button post-button\">\n                  <a class=\"wp-block-button__link wp-element-button\" href=\"https:\/\/catedrachip.upc.edu\/es\/la-upc-recibira-37-millones-de-euros-del-ministerio-para-crear-una-catedra-en-microelectronica\/\">\n                      Veure publicaci\u00f3 completa                  <\/a>\n              <\/div>\n      <\/div>\n\n    <\/div>\n<\/div>\n<\/div><div class=\"wp-block-column\"><div class=\"post-wrapper\">\n            <!-- <div class=\"post-cat\">\n             <a href=\"https:\/\/catedrachip.upc.edu\/es\/category\/actualidad\/\">\n            <p class=\"has-small-font-size no-margin-top\">Actualidad<\/p>\n        <\/div> -->\n        <a href=\"https:\/\/catedrachip.upc.edu\/es\/la-catedra-chip-upc-celebra-la-2a-reunion-anual-del-comite-de-seguimiento-en-el-campus-nord\/\" class=\"wp-block-image\">\n        <img loading=\"lazy\" decoding=\"async\" width=\"2560\" height=\"1920\" src=\"https:\/\/catedrachip.upc.edu\/wp-content\/uploads\/2026\/02\/IMG_7844-scaled.jpg\" class=\"attachment-post-thumbnail size-post-thumbnail wp-post-image\" alt=\"\" srcset=\"https:\/\/catedrachip.upc.edu\/wp-content\/uploads\/2026\/02\/IMG_7844-scaled.jpg 2560w, https:\/\/catedrachip.upc.edu\/wp-content\/uploads\/2026\/02\/IMG_7844-300x225.jpg 300w, https:\/\/catedrachip.upc.edu\/wp-content\/uploads\/2026\/02\/IMG_7844-1024x768.jpg 1024w, https:\/\/catedrachip.upc.edu\/wp-content\/uploads\/2026\/02\/IMG_7844-768x576.jpg 768w, https:\/\/catedrachip.upc.edu\/wp-content\/uploads\/2026\/02\/IMG_7844-1536x1152.jpg 1536w, https:\/\/catedrachip.upc.edu\/wp-content\/uploads\/2026\/02\/IMG_7844-2048x1536.jpg 2048w\" sizes=\"auto, (max-width: 2560px) 100vw, 2560px\" \/>    <\/a>\n\n    <div class=\"post-wrapper-bottom\">\n      <div class=\"block-text\">\n          <h4>\n              La C\u00e1tedra CHIP UPC celebra la 2\u00aa Reuni\u00f3n Anual del Comit\u00e9 de Seguimiento en el Campus Nord          <\/h4>\n          <p class=\"excerpt has-small-font-size\">\n              La C\u00e1tedra CHIP UPC celebr\u00f3 con \u00e9xito su segunda Reuni\u00f3n Anual del Comit\u00e9 de Seguimiento en la Universidad Polit\u00e9cnica de Catalu\u00f1a, en el Campus Nord, consolidando este espacio como punto [&hellip;]          <\/p>\n      <\/div>\n\n      <div class=\"wp-block-buttons is-layout-flex wp-block-buttons-is-layout-flex\">\n              <div class=\"wp-block-button post-button\">\n                  <a class=\"wp-block-button__link wp-element-button\" href=\"https:\/\/catedrachip.upc.edu\/es\/la-catedra-chip-upc-celebra-la-2a-reunion-anual-del-comite-de-seguimiento-en-el-campus-nord\/\">\n                      Veure publicaci\u00f3 completa                  <\/a>\n              <\/div>\n      <\/div>\n\n    <\/div>\n<\/div>\n<\/div><\/div>\n","protected":false},"excerpt":{"rendered":"","protected":false},"author":1,"featured_media":0,"parent":0,"menu_order":0,"comment_status":"closed","ping_status":"closed","template":"","meta":{"footnotes":""},"class_list":["post-3894","page","type-page","status-publish","hentry"],"_links":{"self":[{"href":"https:\/\/catedrachip.upc.edu\/es\/wp-json\/wp\/v2\/pages\/3894","targetHints":{"allow":["GET"]}}],"collection":[{"href":"https:\/\/catedrachip.upc.edu\/es\/wp-json\/wp\/v2\/pages"}],"about":[{"href":"https:\/\/catedrachip.upc.edu\/es\/wp-json\/wp\/v2\/types\/page"}],"author":[{"embeddable":true,"href":"https:\/\/catedrachip.upc.edu\/es\/wp-json\/wp\/v2\/users\/1"}],"replies":[{"embeddable":true,"href":"https:\/\/catedrachip.upc.edu\/es\/wp-json\/wp\/v2\/comments?post=3894"}],"version-history":[{"count":4,"href":"https:\/\/catedrachip.upc.edu\/es\/wp-json\/wp\/v2\/pages\/3894\/revisions"}],"predecessor-version":[{"id":4558,"href":"https:\/\/catedrachip.upc.edu\/es\/wp-json\/wp\/v2\/pages\/3894\/revisions\/4558"}],"wp:attachment":[{"href":"https:\/\/catedrachip.upc.edu\/es\/wp-json\/wp\/v2\/media?parent=3894"}],"curies":[{"name":"wp","href":"https:\/\/api.w.org\/{rel}","templated":true}]}}