{"id":3940,"date":"2026-01-09T14:51:59","date_gmt":"2026-01-09T12:51:59","guid":{"rendered":"https:\/\/catedrachip.upc.edu\/equipo\/"},"modified":"2026-04-21T11:01:59","modified_gmt":"2026-04-21T09:01:59","slug":"equipo","status":"publish","type":"page","link":"https:\/\/catedrachip.upc.edu\/es\/equipo\/","title":{"rendered":"Equipo"},"content":{"rendered":"\n<div class=\"wp-block-cover is-light cover-heading\" style=\"min-height:358px;aspect-ratio:unset;\"><img loading=\"lazy\" decoding=\"async\" width=\"1440\" height=\"358\" class=\"wp-block-cover__image-background wp-image-3247 size-full\" alt=\"\" src=\"https:\/\/catedrachip.upc.edu\/wp-content\/uploads\/2026\/03\/about-our-team-bg.png\" data-object-fit=\"cover\" srcset=\"https:\/\/catedrachip.upc.edu\/wp-content\/uploads\/2026\/03\/about-our-team-bg.png 1440w, https:\/\/catedrachip.upc.edu\/wp-content\/uploads\/2026\/03\/about-our-team-bg-300x75.png 300w, https:\/\/catedrachip.upc.edu\/wp-content\/uploads\/2026\/03\/about-our-team-bg-1024x255.png 1024w, https:\/\/catedrachip.upc.edu\/wp-content\/uploads\/2026\/03\/about-our-team-bg-768x191.png 768w\" sizes=\"auto, (max-width: 1440px) 100vw, 1440px\" \/><span aria-hidden=\"true\" class=\"wp-block-cover__background has-background-dim-0 has-background-dim\"><\/span><div class=\"wp-block-cover__inner-container is-layout-constrained wp-block-cover-is-layout-constrained\">\n<div class=\"wp-block-columns no-margin no-padding is-layout-flex wp-container-core-columns-is-layout-9d6595d7 wp-block-columns-is-layout-flex\">\n<div class=\"wp-block-column is-layout-flow wp-block-column-is-layout-flow\">\n<h1 class=\"wp-block-heading text-super-display-regular about-title has-black-color has-text-color has-link-color wp-elements-d007883a8dcf36843123bea8f3c99046\">Nuestro equipo<\/h1>\n\n\n<nav class=\"has-text-color has-white-color items-justified-right cover-heading-submenu wp-block-navigation is-content-justification-right is-layout-flex wp-container-core-navigation-is-layout-765c4724 wp-block-navigation-is-layout-flex\" aria-label=\"about-submenu-cat\"><ul class=\"wp-block-navigation__container has-text-color has-white-color items-justified-right cover-heading-submenu wp-block-navigation\"><li class=\" wp-block-navigation-item wp-block-navigation-link\"><a class=\"wp-block-navigation-item__content\"  href=\"https:\/\/catedrachip.upc.edu\/es\/catedra-chip-upc-2\/\"><span class=\"wp-block-navigation-item__label\">Presentaci\u00f3n<\/span><\/a><\/li><li class=\" wp-block-navigation-item wp-block-navigation-link\"><a class=\"wp-block-navigation-item__content\"  href=\"https:\/\/catedrachip.upc.edu\/es\/partners-de-la-catedra\/\"><span class=\"wp-block-navigation-item__label\">Partners<\/span><\/a><\/li><li class=\" wp-block-navigation-item wp-block-navigation-link\"><a class=\"wp-block-navigation-item__content\"  href=\"https:\/\/catedrachip.upc.edu\/es\/equipo\/\"><span class=\"wp-block-navigation-item__label\">Equipo<\/span><\/a><\/li><\/ul><\/nav><\/div>\n<\/div>\n<\/div><\/div>\n\n<div class=\"wp-block-columns is-layout-flex wp-container-core-columns-is-layout-9d6595d7 wp-block-columns-is-layout-flex\">\n<div class=\"wp-block-column is-layout-flow wp-block-column-is-layout-flow\">\n<div style=\"height:0px\" aria-hidden=\"true\" class=\"wp-block-spacer\"><\/div>\n\n\n\n<h3 class=\"wp-block-heading text-max-width padding-sides has-medium-font-size\">Detr\u00e1s de la C\u00e1tedra CHIP UPC existe un equipo comprometido que hace posible que todo funcione con coordinaci\u00f3n, innovaci\u00f3n y profesionalidad.<\/h3>\n\n\n\n<div style=\"height:20px\" aria-hidden=\"true\" class=\"wp-block-spacer\"><\/div>\n\n\n\n<div class=\"wp-block-group our-team-members-grid bigger is-layout-grid wp-container-core-group-is-layout-388fbaef wp-block-group-is-layout-grid\">\n<div class=\"wp-block-group member-grid-item wp-container-content-2abe61ea\" data-group-link=\"https:\/\/catedrachip.upc.edu\/project\/development-of-infrared-imagine-sensor-technologies\/\"><div class=\"wp-block-group__inner-container is-layout-constrained wp-block-group-is-layout-constrained\">\n<figure class=\"wp-block-image size-full member-photo\"><img loading=\"lazy\" decoding=\"async\" width=\"250\" height=\"250\" src=\"https:\/\/catedrachip.upc.edu\/wp-content\/uploads\/2026\/02\/jordi2.png\" alt=\"\" class=\"wp-image-3103\" srcset=\"https:\/\/catedrachip.upc.edu\/wp-content\/uploads\/2026\/02\/jordi2.png 250w, https:\/\/catedrachip.upc.edu\/wp-content\/uploads\/2026\/02\/jordi2-150x150.png 150w\" sizes=\"auto, (max-width: 250px) 100vw, 250px\" \/><\/figure>\n\n\n\n<p class=\"has-text-align-center member-name\" style=\"font-style:normal;font-weight:600\">Jordi Salazar<\/p>\n\n\n\n<p class=\"has-text-align-center member-charge \">Direcci\u00f3n<\/p>\n<\/div><\/div>\n\n\n\n<div class=\"wp-block-group member-grid-item wp-container-content-2abe61ea\" data-group-link=\"https:\/\/catedrachip.upc.edu\/project\/acceleration-of-pangenomic-workloads-on-hpc-architectures\/\"><div class=\"wp-block-group__inner-container is-layout-constrained wp-block-group-is-layout-constrained\">\n<figure class=\"wp-block-image size-full member-photo\"><img loading=\"lazy\" decoding=\"async\" width=\"250\" height=\"250\" src=\"https:\/\/catedrachip.upc.edu\/wp-content\/uploads\/2026\/02\/antonio2.png\" alt=\"\" class=\"wp-image-3099\" srcset=\"https:\/\/catedrachip.upc.edu\/wp-content\/uploads\/2026\/02\/antonio2.png 250w, https:\/\/catedrachip.upc.edu\/wp-content\/uploads\/2026\/02\/antonio2-150x150.png 150w\" sizes=\"auto, (max-width: 250px) 100vw, 250px\" \/><\/figure>\n\n\n\n<p class=\"has-text-align-center member-name\" style=\"font-style:normal;font-weight:600\">Antonio Rubio<\/p>\n\n\n\n<p class=\"has-text-align-center member-charge\">Ex Direcci\u00f3n<\/p>\n<\/div><\/div>\n\n\n\n<div class=\"wp-block-group member-grid-item wp-container-content-2abe61ea\" data-group-link=\"https:\/\/catedrachip.upc.edu\/project\/accelerating-sequence-alignment-using-processing-in-memory\/\"><div class=\"wp-block-group__inner-container is-layout-constrained wp-block-group-is-layout-constrained\">\n<figure class=\"wp-block-image size-full is-resized member-photo\"><img loading=\"lazy\" decoding=\"async\" width=\"600\" height=\"584\" src=\"https:\/\/catedrachip.upc.edu\/wp-content\/uploads\/2026\/03\/no-profile.png\" alt=\"\" class=\"wp-image-3339\" style=\"aspect-ratio:1.027431421446384;width:146px;height:auto\" srcset=\"https:\/\/catedrachip.upc.edu\/wp-content\/uploads\/2026\/03\/no-profile.png 600w, https:\/\/catedrachip.upc.edu\/wp-content\/uploads\/2026\/03\/no-profile-300x292.png 300w\" sizes=\"auto, (max-width: 600px) 100vw, 600px\" \/><\/figure>\n\n\n\n<p class=\"has-text-align-center member-name\" style=\"font-style:normal;font-weight:600\">Julia Minguella<\/p>\n\n\n\n<p class=\"has-text-align-center member-charge\">Coordinaci\u00f3n y Gesti\u00f3n<\/p>\n<\/div><\/div>\n\n\n\n<div class=\"wp-block-group member-grid-item wp-container-content-2abe61ea\" data-group-link=\"https:\/\/catedrachip.upc.edu\/project\/performance-evaluation-and-optimization-of-heterogeneous-accelerators-for-genomic-workloads\/\"><div class=\"wp-block-group__inner-container is-layout-constrained wp-block-group-is-layout-constrained\">\n<figure class=\"wp-block-image size-full member-photo\"><img loading=\"lazy\" decoding=\"async\" width=\"250\" height=\"250\" src=\"https:\/\/catedrachip.upc.edu\/wp-content\/uploads\/2026\/03\/aleda-ok.png\" alt=\"\" class=\"wp-image-3130\" srcset=\"https:\/\/catedrachip.upc.edu\/wp-content\/uploads\/2026\/03\/aleda-ok.png 250w, https:\/\/catedrachip.upc.edu\/wp-content\/uploads\/2026\/03\/aleda-ok-150x150.png 150w\" sizes=\"auto, (max-width: 250px) 100vw, 250px\" \/><\/figure>\n\n\n\n<p class=\"has-text-align-center member-name\" style=\"font-style:normal;font-weight:600\">Aleda Kushta<\/p>\n\n\n\n<p class=\"has-text-align-center member-charge\">Transferencia Tecnol\u00f3gica<\/p>\n<\/div><\/div>\n\n\n\n<div class=\"wp-block-group member-grid-item wp-container-content-2abe61ea\" data-group-link=\"https:\/\/catedrachip.upc.edu\/project\/a-cache-coherent-heterogeneous-infrastructure-for-swift-prototyping-of-hardware-accelerators-for-bioinformatics\/\"><div class=\"wp-block-group__inner-container is-layout-constrained wp-block-group-is-layout-constrained\">\n<figure class=\"wp-block-image size-full member-photo\"><img loading=\"lazy\" decoding=\"async\" width=\"350\" height=\"350\" src=\"https:\/\/catedrachip.upc.edu\/wp-content\/uploads\/2026\/02\/francesc350.png\" alt=\"\" class=\"wp-image-3092\" srcset=\"https:\/\/catedrachip.upc.edu\/wp-content\/uploads\/2026\/02\/francesc350.png 350w, https:\/\/catedrachip.upc.edu\/wp-content\/uploads\/2026\/02\/francesc350-300x300.png 300w, https:\/\/catedrachip.upc.edu\/wp-content\/uploads\/2026\/02\/francesc350-150x150.png 150w\" sizes=\"auto, (max-width: 350px) 100vw, 350px\" \/><\/figure>\n\n\n\n<p class=\"has-text-align-center member-name\" style=\"font-style:normal;font-weight:600\">Francisco Madrid<\/p>\n\n\n\n<p class=\"has-text-align-center member-charge\">Gesti\u00f3n Proyecto Sidecar<\/p>\n<\/div><\/div>\n\n\n\n<div class=\"wp-block-group member-grid-item wp-container-content-2abe61ea\" data-group-link=\"https:\/\/catedrachip.upc.edu\/project\/performance-characterization-of-cpu-gpu-workloads-in-high-performance-heterogeneous-computing-systems\/\"><div class=\"wp-block-group__inner-container is-layout-constrained wp-block-group-is-layout-constrained\">\n<figure class=\"wp-block-image size-full member-photo\"><img loading=\"lazy\" decoding=\"async\" width=\"250\" height=\"250\" src=\"https:\/\/catedrachip.upc.edu\/wp-content\/uploads\/2026\/02\/xavier.png\" alt=\"\" class=\"wp-image-3102\" srcset=\"https:\/\/catedrachip.upc.edu\/wp-content\/uploads\/2026\/02\/xavier.png 250w, https:\/\/catedrachip.upc.edu\/wp-content\/uploads\/2026\/02\/xavier-150x150.png 150w\" sizes=\"auto, (max-width: 250px) 100vw, 250px\" \/><\/figure>\n\n\n\n<p class=\"has-text-align-center member-name\" style=\"font-style:normal;font-weight:600\">Xavier Cases<\/p>\n\n\n\n<p class=\"has-text-align-center member-charge \">Gesti\u00f3n Proyecto Sidecar<\/p>\n<\/div><\/div>\n\n\n\n<div class=\"wp-block-group member-grid-item wp-container-content-2abe61ea\" data-group-link=\"https:\/\/catedrachip.upc.edu\/project\/heterogeneous-architectures-for-the-acceleration-of-ultra-long-sequence-alignment\/\"><div class=\"wp-block-group__inner-container is-layout-constrained wp-block-group-is-layout-constrained\">\n<figure class=\"wp-block-image size-full member-photo\"><img loading=\"lazy\" decoding=\"async\" width=\"250\" height=\"250\" src=\"https:\/\/catedrachip.upc.edu\/wp-content\/uploads\/2026\/02\/ester3.png\" alt=\"\" class=\"wp-image-3106\" srcset=\"https:\/\/catedrachip.upc.edu\/wp-content\/uploads\/2026\/02\/ester3.png 250w, https:\/\/catedrachip.upc.edu\/wp-content\/uploads\/2026\/02\/ester3-150x150.png 150w\" sizes=\"auto, (max-width: 250px) 100vw, 250px\" \/><\/figure>\n\n\n\n<p class=\"has-text-align-center member-name\" style=\"font-style:normal;font-weight:600\">Ester Martinez<\/p>\n\n\n\n<p class=\"has-text-align-center member-charge\">Comunicaci\u00f3n<\/p>\n<\/div><\/div>\n<\/div>\n<\/div>\n<\/div>\n\n<div style=\"height:63px\" aria-hidden=\"true\" class=\"wp-block-spacer\"><\/div>\n\n<div class=\"wp-block-columns is-layout-flex wp-container-core-columns-is-layout-9d6595d7 wp-block-columns-is-layout-flex\">\n<div class=\"wp-block-column is-layout-flow wp-block-column-is-layout-flow\">\n<div class=\"wp-block-columns gap-big is-layout-flex wp-container-core-columns-is-layout-9d6595d7 wp-block-columns-is-layout-flex\">\n<div class=\"wp-block-column is-layout-flow wp-block-column-is-layout-flow\" style=\"flex-basis:20%\">\n<h2 class=\"wp-block-heading\">Ecosistema<\/h2>\n\n\n\n<p>Conexiones estrat\u00e9gicas y colaboraci\u00f3n en el marco del PERTE CHIP del Plan de Recuperaci\u00f3n, una iniciativa para impulsar la investigaci\u00f3n, la innovaci\u00f3n y la capacidad industrial en microchips y semiconductores.<\/p>\n<\/div>\n\n\n\n<div class=\"wp-block-column is-layout-flow wp-block-column-is-layout-flow\" style=\"flex-basis:80%\">\n<div class=\"wp-block-group logos-grid is-layout-grid wp-container-core-group-is-layout-7ff37c84 wp-block-group-is-layout-grid\">\n<div class=\"wp-block-group custom-hover-logo wp-container-content-69bc4bdf\"><div class=\"wp-block-group__inner-container is-layout-constrained wp-block-group-is-layout-constrained\">\n<figure class=\"wp-block-image size-full logo-blue\"><img loading=\"lazy\" decoding=\"async\" width=\"1024\" height=\"345\" src=\"https:\/\/catedrachip.upc.edu\/wp-content\/uploads\/2026\/03\/icfo-logo-blue.png\" alt=\"\" class=\"wp-image-3265\" srcset=\"https:\/\/catedrachip.upc.edu\/wp-content\/uploads\/2026\/03\/icfo-logo-blue.png 1024w, https:\/\/catedrachip.upc.edu\/wp-content\/uploads\/2026\/03\/icfo-logo-blue-300x101.png 300w, https:\/\/catedrachip.upc.edu\/wp-content\/uploads\/2026\/03\/icfo-logo-blue-768x259.png 768w\" sizes=\"auto, (max-width: 1024px) 100vw, 1024px\" \/><\/figure>\n\n\n\n<figure class=\"wp-block-image size-full logo-original\"><a href=\"https:\/\/www.icfo.eu\/ca\/\" target=\"_blank\" rel=\" noreferrer noopener\"><img loading=\"lazy\" decoding=\"async\" width=\"1024\" height=\"345\" src=\"https:\/\/catedrachip.upc.edu\/wp-content\/uploads\/2026\/03\/icfo-logo.png\" alt=\"\" class=\"wp-image-3263\" srcset=\"https:\/\/catedrachip.upc.edu\/wp-content\/uploads\/2026\/03\/icfo-logo.png 1024w, https:\/\/catedrachip.upc.edu\/wp-content\/uploads\/2026\/03\/icfo-logo-300x101.png 300w, https:\/\/catedrachip.upc.edu\/wp-content\/uploads\/2026\/03\/icfo-logo-768x259.png 768w\" sizes=\"auto, (max-width: 1024px) 100vw, 1024px\" \/><\/a><\/figure>\n<\/div><\/div>\n\n\n\n<div class=\"wp-block-group custom-hover-logo wp-container-content-6c9ca111\"><div class=\"wp-block-group__inner-container is-layout-constrained wp-block-group-is-layout-constrained\">\n<figure class=\"wp-block-image size-full logo-blue\"><img decoding=\"async\" src=\"https:\/\/catedrachip.upc.edu\/wp-content\/uploads\/2026\/01\/imasenic-logo-blue.png\" alt=\"\" class=\"wp-image-1555\"\/><\/figure>\n\n\n\n<figure class=\"wp-block-image size-full logo-original\"><a href=\"https:\/\/www.imasenic.com\/\" target=\"_blank\" rel=\" noreferrer noopener\"><img decoding=\"async\" src=\"https:\/\/catedrachip.upc.edu\/wp-content\/uploads\/2026\/01\/imasenic-logo.png\" alt=\"\" class=\"wp-image-1554\"\/><\/a><\/figure>\n<\/div><\/div>\n\n\n\n<div class=\"wp-block-group custom-hover-logo wp-container-content-6c9ca111\"><div class=\"wp-block-group__inner-container is-layout-constrained wp-block-group-is-layout-constrained\">\n<figure class=\"wp-block-image size-full logo-blue\"><img decoding=\"async\" src=\"https:\/\/catedrachip.upc.edu\/wp-content\/uploads\/2026\/01\/lace-logo-blue.png\" alt=\"\" class=\"wp-image-1557\"\/><\/figure>\n\n\n\n<figure class=\"wp-block-image size-full logo-original\"><a href=\"https:\/\/lacelithography.com\/\" target=\"_blank\" rel=\" noreferrer noopener\"><img decoding=\"async\" src=\"https:\/\/catedrachip.upc.edu\/wp-content\/uploads\/2026\/01\/lace-logo.png\" alt=\"\" class=\"wp-image-1556\"\/><\/a><\/figure>\n<\/div><\/div>\n\n\n\n<div class=\"wp-block-group custom-hover-logo wp-container-content-6c9ca111\"><div class=\"wp-block-group__inner-container is-layout-constrained wp-block-group-is-layout-constrained\">\n<figure class=\"wp-block-image size-full logo-blue\"><img decoding=\"async\" src=\"https:\/\/catedrachip.upc.edu\/wp-content\/uploads\/2026\/01\/lenovo-logo-blue.png\" alt=\"\" class=\"wp-image-1559\"\/><\/figure>\n\n\n\n<figure class=\"wp-block-image size-full logo-original\"><a href=\"https:\/\/www.lenovo.com\/es\/es\/?Redirect=False\" target=\"_blank\" rel=\" noreferrer noopener\"><img decoding=\"async\" src=\"https:\/\/catedrachip.upc.edu\/wp-content\/uploads\/2026\/01\/lenovo-logo.png\" alt=\"\" class=\"wp-image-1558\"\/><\/a><\/figure>\n<\/div><\/div>\n\n\n\n<div class=\"wp-block-group custom-hover-logo wp-container-content-6c9ca111\"><div class=\"wp-block-group__inner-container is-layout-constrained wp-block-group-is-layout-constrained\">\n<figure class=\"wp-block-image size-full logo-blue\"><img decoding=\"async\" src=\"https:\/\/catedrachip.upc.edu\/wp-content\/uploads\/2026\/01\/monocrom-logo-blue.png\" alt=\"\" class=\"wp-image-1561\"\/><\/figure>\n\n\n\n<figure class=\"wp-block-image size-full logo-original\"><a href=\"https:\/\/monocrom.com\/es\/\" target=\"_blank\" rel=\" noreferrer noopener\"><img decoding=\"async\" src=\"https:\/\/catedrachip.upc.edu\/wp-content\/uploads\/2026\/01\/monocrom-logo.png\" alt=\"\" class=\"wp-image-1560\"\/><\/a><\/figure>\n<\/div><\/div>\n\n\n\n<div class=\"wp-block-group custom-hover-logo wp-container-content-6c9ca111\"><div class=\"wp-block-group__inner-container is-layout-constrained wp-block-group-is-layout-constrained\">\n<figure class=\"wp-block-image size-full logo-blue\"><img decoding=\"async\" src=\"https:\/\/catedrachip.upc.edu\/wp-content\/uploads\/2026\/01\/qualcomm-logo-blue.png\" alt=\"\" class=\"wp-image-1563\"\/><\/figure>\n\n\n\n<figure class=\"wp-block-image size-full logo-original\"><a href=\"https:\/\/www.qualcomm.com\/\" target=\"_blank\" rel=\" noreferrer noopener\"><img decoding=\"async\" src=\"https:\/\/catedrachip.upc.edu\/wp-content\/uploads\/2026\/01\/qualcomm-logo.png\" alt=\"\" class=\"wp-image-1562\"\/><\/a><\/figure>\n<\/div><\/div>\n\n\n\n<div class=\"wp-block-group custom-hover-logo wp-container-content-6c9ca111\"><div class=\"wp-block-group__inner-container is-layout-constrained wp-block-group-is-layout-constrained\">\n<figure class=\"wp-block-image size-full logo-blue\"><img decoding=\"async\" src=\"https:\/\/catedrachip.upc.edu\/wp-content\/uploads\/2026\/01\/quside-logo-blue.png\" alt=\"\" class=\"wp-image-1567\"\/><\/figure>\n\n\n\n<figure class=\"wp-block-image size-full logo-original\"><a href=\"https:\/\/quside.com\/\" target=\"_blank\" rel=\" noreferrer noopener\"><img decoding=\"async\" src=\"https:\/\/catedrachip.upc.edu\/wp-content\/uploads\/2026\/01\/quside-logo.png\" alt=\"\" class=\"wp-image-1566\"\/><\/a><\/figure>\n<\/div><\/div>\n\n\n\n<div class=\"wp-block-group custom-hover-logo wp-container-content-6c9ca111\"><div class=\"wp-block-group__inner-container is-layout-constrained wp-block-group-is-layout-constrained\">\n<figure class=\"wp-block-image size-full logo-blue\"><img decoding=\"async\" src=\"https:\/\/catedrachip.upc.edu\/wp-content\/uploads\/2026\/01\/qurv-logo-blue.png\" alt=\"\" class=\"wp-image-1565\"\/><\/figure>\n\n\n\n<figure class=\"wp-block-image size-full logo-original\"><a href=\"https:\/\/www.qurv.tech\/\" target=\"_blank\" rel=\" noreferrer noopener\"><img decoding=\"async\" src=\"https:\/\/catedrachip.upc.edu\/wp-content\/uploads\/2026\/01\/qurv-logo.png\" alt=\"\" class=\"wp-image-1564\"\/><\/a><\/figure>\n<\/div><\/div>\n<\/div>\n<\/div>\n<\/div>\n<\/div>\n<\/div>\n\n<div style=\"height:63px\" aria-hidden=\"true\" class=\"wp-block-spacer\"><\/div>\n\n<div class=\"wp-block-columns is-layout-flex wp-container-core-columns-is-layout-9d6595d7 wp-block-columns-is-layout-flex\">\n<div class=\"wp-block-column is-layout-flow wp-block-column-is-layout-flow\">\n<div class=\"wp-block-columns is-layout-flex wp-container-core-columns-is-layout-9d6595d7 wp-block-columns-is-layout-flex\">\n<div class=\"wp-block-column is-layout-flow wp-block-column-is-layout-flow\">\n<div class=\"wp-block-group img-background img-background-hover aspect-ratio-1-1 bottom-banners\" data-group-link=\"https:\/\/catedrachip.upc.edu\/projectes-sidecar\/\"><div class=\"wp-block-group__inner-container is-layout-constrained wp-block-group-is-layout-constrained\">\n<figure class=\"wp-block-image size-full background-image\"><img decoding=\"async\" src=\"https:\/\/catedrachip.upc.edu\/wp-content\/uploads\/2026\/01\/sidecar-project-square.png\" alt=\"\" class=\"wp-image-1608\" style=\"aspect-ratio:1;object-fit:cover\"\/><\/figure>\n\n\n\n<div style=\"height:307px\" aria-hidden=\"true\" class=\"wp-block-spacer\"><\/div>\n\n\n\n<div class=\"wp-block-columns only-bottom-content no-padding is-layout-flex wp-container-core-columns-is-layout-9d6595d7 wp-block-columns-is-layout-flex\">\n<div class=\"wp-block-column is-layout-flow wp-block-column-is-layout-flow\" style=\"flex-basis:80%\">\n<p class=\"has-small-font-size\">Sidecar Project<\/p>\n\n\n\n<h2 class=\"wp-block-heading\">Despertar vocaciones cient\u00edficas y tecnol\u00f3gicas en las escuelas e institutos<\/h2>\n<\/div>\n<\/div>\n\n\n\n<svg xmlns=\"http:\/\/www.w3.org\/2000\/svg\" width=\"12\" height=\"13\" viewbox=\"0 0 12 13\" fill=\"none\">\n<path d=\"M0.28272 10.3025C-0.0945465 10.7059 -0.0945465 11.3598 0.28272 11.7632C0.659986 12.1665 1.27165 12.1665 1.64892 11.7632L0.96582 11.0328L0.28272 10.3025ZM11.2853 1.03284C11.2853 0.462418 10.8527 1.90078e-06 10.3192 2.33609e-06L1.62476 2.46668e-06C1.09122 2.11844e-06 0.658709 0.462418 0.658709 1.03284C0.658709 1.60326 1.09122 2.06567 1.62476 2.06567L9.35316 2.06567L9.35316 10.3283C9.35316 10.8988 9.78568 11.3612 10.3192 11.3612C10.8527 11.3612 11.2853 10.8988 11.2853 10.3283L11.2853 1.03284ZM0.96582 11.0328L1.64892 11.7632L11.0023 1.76316L10.3192 1.03284L9.63611 0.302512L0.28272 10.3025L0.96582 11.0328Z\" fill=\"white\"><\/path>\n<\/svg>\n<\/div><\/div>\n<\/div>\n\n\n\n<div class=\"wp-block-column is-layout-flow wp-block-column-is-layout-flow\">\n<div class=\"wp-block-group img-background img-background-hover aspect-ratio-1-1 bottom-banners\" data-group-link=\"https:\/\/catedrachip.upc.edu\/actualitat\"><div class=\"wp-block-group__inner-container is-layout-constrained wp-block-group-is-layout-constrained\">\n<figure class=\"wp-block-image size-full background-image\"><img decoding=\"async\" src=\"https:\/\/catedrachip.upc.edu\/wp-content\/uploads\/2026\/01\/latest-news-square.png\" alt=\"\" class=\"wp-image-1609\" style=\"aspect-ratio:1;object-fit:cover\"\/><\/figure>\n\n\n\n<div style=\"height:307px\" aria-hidden=\"true\" class=\"wp-block-spacer\"><\/div>\n\n\n\n<div class=\"wp-block-columns only-bottom-content no-padding is-layout-flex wp-container-core-columns-is-layout-9d6595d7 wp-block-columns-is-layout-flex\">\n<div class=\"wp-block-column is-layout-flow wp-block-column-is-layout-flow\" style=\"flex-basis:80%\">\n<p class=\"has-small-font-size\">\u00daltimas noticias<\/p>\n\n\n\n<h2 class=\"wp-block-heading\">Lea las \u00faltimas novedades en investigaci\u00f3n y nuestras actividades<\/h2>\n<\/div>\n<\/div>\n\n\n\n<svg xmlns=\"http:\/\/www.w3.org\/2000\/svg\" width=\"12\" height=\"13\" viewbox=\"0 0 12 13\" fill=\"none\">\n<path d=\"M0.28272 10.3025C-0.0945465 10.7059 -0.0945465 11.3598 0.28272 11.7632C0.659986 12.1665 1.27165 12.1665 1.64892 11.7632L0.96582 11.0328L0.28272 10.3025ZM11.2853 1.03284C11.2853 0.462418 10.8527 1.90078e-06 10.3192 2.33609e-06L1.62476 2.46668e-06C1.09122 2.11844e-06 0.658709 0.462418 0.658709 1.03284C0.658709 1.60326 1.09122 2.06567 1.62476 2.06567L9.35316 2.06567L9.35316 10.3283C9.35316 10.8988 9.78568 11.3612 10.3192 11.3612C10.8527 11.3612 11.2853 10.8988 11.2853 10.3283L11.2853 1.03284ZM0.96582 11.0328L1.64892 11.7632L11.0023 1.76316L10.3192 1.03284L9.63611 0.302512L0.28272 10.3025L0.96582 11.0328Z\" fill=\"white\"><\/path>\n<\/svg>\n<\/div><\/div>\n<\/div>\n<\/div>\n<\/div>\n<\/div>\n","protected":false},"excerpt":{"rendered":"<p>Detr\u00e1s de la C\u00e1tedra CHIP UPC existe un equipo comprometido que hace posible que todo funcione con coordinaci\u00f3n, innovaci\u00f3n y profesionalidad. Jordi Salazar Direcci\u00f3n Antonio Rubio Ex Direcci\u00f3n Julia Minguella [&hellip;]<\/p>\n","protected":false},"author":2,"featured_media":0,"parent":0,"menu_order":0,"comment_status":"closed","ping_status":"closed","template":"","meta":{"footnotes":""},"class_list":["post-3940","page","type-page","status-publish","hentry"],"_links":{"self":[{"href":"https:\/\/catedrachip.upc.edu\/es\/wp-json\/wp\/v2\/pages\/3940","targetHints":{"allow":["GET"]}}],"collection":[{"href":"https:\/\/catedrachip.upc.edu\/es\/wp-json\/wp\/v2\/pages"}],"about":[{"href":"https:\/\/catedrachip.upc.edu\/es\/wp-json\/wp\/v2\/types\/page"}],"author":[{"embeddable":true,"href":"https:\/\/catedrachip.upc.edu\/es\/wp-json\/wp\/v2\/users\/2"}],"replies":[{"embeddable":true,"href":"https:\/\/catedrachip.upc.edu\/es\/wp-json\/wp\/v2\/comments?post=3940"}],"version-history":[{"count":1,"href":"https:\/\/catedrachip.upc.edu\/es\/wp-json\/wp\/v2\/pages\/3940\/revisions"}],"predecessor-version":[{"id":3950,"href":"https:\/\/catedrachip.upc.edu\/es\/wp-json\/wp\/v2\/pages\/3940\/revisions\/3950"}],"wp:attachment":[{"href":"https:\/\/catedrachip.upc.edu\/es\/wp-json\/wp\/v2\/media?parent=3940"}],"curies":[{"name":"wp","href":"https:\/\/api.w.org\/{rel}","templated":true}]}}