{"id":3955,"date":"2026-01-21T11:51:37","date_gmt":"2026-01-21T09:51:37","guid":{"rendered":"https:\/\/catedrachip.upc.edu\/procesos-tecnologicos\/"},"modified":"2026-04-21T11:02:03","modified_gmt":"2026-04-21T09:02:03","slug":"procesos-tecnologicos","status":"publish","type":"page","link":"https:\/\/catedrachip.upc.edu\/es\/procesos-tecnologicos\/","title":{"rendered":"Procesos tecnol\u00f3gicos"},"content":{"rendered":"\n<div class=\"wp-block-cover aligncenter partners-cover-heading\" style=\"min-height:358px;aspect-ratio:unset;\"><img decoding=\"async\" class=\"wp-block-cover__image-background wp-image-2668 size-full\" alt=\"\" src=\"https:\/\/catedrachip.upc.edu\/wp-content\/uploads\/2026\/01\/processos-tecnologics-bg-heading-scaled.jpg\" data-object-fit=\"cover\"\/><span aria-hidden=\"true\" class=\"wp-block-cover__background has-background-dim-0 has-background-dim\"><\/span><div class=\"wp-block-cover__inner-container is-layout-constrained wp-block-cover-is-layout-constrained\">\n<div class=\"wp-block-columns no-margin no-padding is-layout-flex wp-container-core-columns-is-layout-9d6595d7 wp-block-columns-is-layout-flex\">\n<div class=\"wp-block-column upc-heading-content is-layout-flow wp-block-column-is-layout-flow\">\n<h2 class=\"wp-block-heading partners-cover-heading text-display-regular\">\u00c1mbito de procesos tecnol\u00f3gicos<\/h2>\n\n\n\n<p class=\"partners-cover-description\">Se exploran tecnolog\u00edas para optimizar la fabricaci\u00f3n de chips combinando investigaci\u00f3n y formaci\u00f3n en entornos especializados con aprendizaje autom\u00e1tico para el dise\u00f1o de m\u00e1scaras difractivas y hologr\u00e1ficas, integraci\u00f3n de l\u00e1seres diodo de alta potencia con arquitecturas que reducen el estr\u00e9s uniaxial y procesos de deposici\u00f3n y grabado mediante litograf\u00eda \u00f3ptica de capas<\/p>\n<\/div>\n<\/div>\n<\/div><\/div>\n\n<div style=\"height:30px\" aria-hidden=\"true\" class=\"wp-block-spacer\"><\/div>\n\n<h2 class=\"wp-block-heading\">Investigaciones en curso<\/h2>\n\n<div style=\"height:30px\" aria-hidden=\"true\" class=\"wp-block-spacer\"><\/div>\n\n\n<div style=\"height:36px\" aria-hidden=\"true\" class=\"wp-block-spacer\"><\/div>\n\n<div class=\"wp-block-columns is-layout-flex wp-container-core-columns-is-layout-9d6595d7 wp-block-columns-is-layout-flex\">\n<div class=\"wp-block-column is-layout-flow wp-block-column-is-layout-flow\">\n<div class=\"wp-block-group img-background img-background-hover aspect-ratio-1-1 bottom-banners\" data-group-link=\"https:\/\/catedrachip.upc.edu\/projectes-sidecar\/\"><div class=\"wp-block-group__inner-container is-layout-constrained wp-block-group-is-layout-constrained\">\n<figure class=\"wp-block-image size-full background-image\"><img decoding=\"async\" src=\"https:\/\/catedrachip.upc.edu\/wp-content\/uploads\/2026\/01\/sidecar-project-square.png\" alt=\"\" class=\"wp-image-1608\" style=\"aspect-ratio:1;object-fit:cover\"\/><\/figure>\n\n\n\n<div style=\"height:307px\" aria-hidden=\"true\" class=\"wp-block-spacer\"><\/div>\n\n\n\n<div class=\"wp-block-columns only-bottom-content no-padding is-layout-flex wp-container-core-columns-is-layout-9d6595d7 wp-block-columns-is-layout-flex\">\n<div class=\"wp-block-column is-layout-flow wp-block-column-is-layout-flow\" style=\"flex-basis:80%\">\n<p class=\"has-small-font-size\">Sidecar Project<\/p>\n\n\n\n<h2 class=\"wp-block-heading\">Despertar vocaciones cient\u00edficas y tecnol\u00f3gicas en las escuelas e institutos<\/h2>\n<\/div>\n<\/div>\n\n\n\n<svg xmlns=\"http:\/\/www.w3.org\/2000\/svg\" width=\"12\" height=\"13\" viewbox=\"0 0 12 13\" fill=\"none\">\n<path d=\"M0.28272 10.3025C-0.0945465 10.7059 -0.0945465 11.3598 0.28272 11.7632C0.659986 12.1665 1.27165 12.1665 1.64892 11.7632L0.96582 11.0328L0.28272 10.3025ZM11.2853 1.03284C11.2853 0.462418 10.8527 1.90078e-06 10.3192 2.33609e-06L1.62476 2.46668e-06C1.09122 2.11844e-06 0.658709 0.462418 0.658709 1.03284C0.658709 1.60326 1.09122 2.06567 1.62476 2.06567L9.35316 2.06567L9.35316 10.3283C9.35316 10.8988 9.78568 11.3612 10.3192 11.3612C10.8527 11.3612 11.2853 10.8988 11.2853 10.3283L11.2853 1.03284ZM0.96582 11.0328L1.64892 11.7632L11.0023 1.76316L10.3192 1.03284L9.63611 0.302512L0.28272 10.3025L0.96582 11.0328Z\" fill=\"white\"><\/path>\n<\/svg>\n<\/div><\/div>\n<\/div>\n\n\n\n<div class=\"wp-block-column is-layout-flow wp-block-column-is-layout-flow\">\n<div class=\"wp-block-group img-background img-background-hover aspect-ratio-1-1 bottom-banners\" data-group-link=\"https:\/\/catedrachip.upc.edu\/actualitat\"><div class=\"wp-block-group__inner-container is-layout-constrained wp-block-group-is-layout-constrained\">\n<figure class=\"wp-block-image size-full background-image\"><img decoding=\"async\" src=\"https:\/\/catedrachip.upc.edu\/wp-content\/uploads\/2026\/01\/latest-news-square.png\" alt=\"\" class=\"wp-image-1609\" style=\"aspect-ratio:1;object-fit:cover\"\/><\/figure>\n\n\n\n<div style=\"height:307px\" aria-hidden=\"true\" class=\"wp-block-spacer\"><\/div>\n\n\n\n<div class=\"wp-block-columns only-bottom-content no-padding is-layout-flex wp-container-core-columns-is-layout-9d6595d7 wp-block-columns-is-layout-flex\">\n<div class=\"wp-block-column is-layout-flow wp-block-column-is-layout-flow\" style=\"flex-basis:80%\">\n<p class=\"has-small-font-size\">\u00daltimas noticias<\/p>\n\n\n\n<h2 class=\"wp-block-heading\">Lea las \u00faltimas novedades en investigaci\u00f3n y nuestras actividades<\/h2>\n<\/div>\n<\/div>\n\n\n\n<svg xmlns=\"http:\/\/www.w3.org\/2000\/svg\" width=\"12\" height=\"13\" viewbox=\"0 0 12 13\" fill=\"none\">\n<path d=\"M0.28272 10.3025C-0.0945465 10.7059 -0.0945465 11.3598 0.28272 11.7632C0.659986 12.1665 1.27165 12.1665 1.64892 11.7632L0.96582 11.0328L0.28272 10.3025ZM11.2853 1.03284C11.2853 0.462418 10.8527 1.90078e-06 10.3192 2.33609e-06L1.62476 2.46668e-06C1.09122 2.11844e-06 0.658709 0.462418 0.658709 1.03284C0.658709 1.60326 1.09122 2.06567 1.62476 2.06567L9.35316 2.06567L9.35316 10.3283C9.35316 10.8988 9.78568 11.3612 10.3192 11.3612C10.8527 11.3612 11.2853 10.8988 11.2853 10.3283L11.2853 1.03284ZM0.96582 11.0328L1.64892 11.7632L11.0023 1.76316L10.3192 1.03284L9.63611 0.302512L0.28272 10.3025L0.96582 11.0328Z\" fill=\"white\"><\/path>\n<\/svg>\n<\/div><\/div>\n<\/div>\n<\/div>\n","protected":false},"excerpt":{"rendered":"<p>Investigaciones en curso<\/p>\n","protected":false},"author":2,"featured_media":0,"parent":0,"menu_order":0,"comment_status":"closed","ping_status":"closed","template":"","meta":{"footnotes":""},"class_list":["post-3955","page","type-page","status-publish","hentry"],"_links":{"self":[{"href":"https:\/\/catedrachip.upc.edu\/es\/wp-json\/wp\/v2\/pages\/3955","targetHints":{"allow":["GET"]}}],"collection":[{"href":"https:\/\/catedrachip.upc.edu\/es\/wp-json\/wp\/v2\/pages"}],"about":[{"href":"https:\/\/catedrachip.upc.edu\/es\/wp-json\/wp\/v2\/types\/page"}],"author":[{"embeddable":true,"href":"https:\/\/catedrachip.upc.edu\/es\/wp-json\/wp\/v2\/users\/2"}],"replies":[{"embeddable":true,"href":"https:\/\/catedrachip.upc.edu\/es\/wp-json\/wp\/v2\/comments?post=3955"}],"version-history":[{"count":1,"href":"https:\/\/catedrachip.upc.edu\/es\/wp-json\/wp\/v2\/pages\/3955\/revisions"}],"predecessor-version":[{"id":3956,"href":"https:\/\/catedrachip.upc.edu\/es\/wp-json\/wp\/v2\/pages\/3955\/revisions\/3956"}],"wp:attachment":[{"href":"https:\/\/catedrachip.upc.edu\/es\/wp-json\/wp\/v2\/media?parent=3955"}],"curies":[{"name":"wp","href":"https:\/\/api.w.org\/{rel}","templated":true}]}}